{"id":359,"date":"2022-01-18T16:37:51","date_gmt":"2022-01-18T16:37:51","guid":{"rendered":"https:\/\/www.dragec-prijevoz.hr\/de\/en\/?page_id=359"},"modified":"2022-02-02T11:06:34","modified_gmt":"2022-02-02T11:06:34","slug":"kontakt","status":"publish","type":"page","link":"https:\/\/www.dragec-prijevoz.hr\/de\/kontakt\/","title":{"rendered":"Kontakt"},"content":{"rendered":"\t\t<div data-elementor-type=\"wp-page\" data-elementor-id=\"359\" class=\"elementor elementor-359\" data-elementor-settings=\"[]\">\n\t\t\t\t\t\t\t<div class=\"elementor-section-wrap\">\n\t\t\t\t\t\t\t<section class=\"elementor-section elementor-top-section elementor-element elementor-element-414fd5c9 elementor-section-boxed elementor-section-height-default elementor-section-height-default\" data-id=\"414fd5c9\" data-element_type=\"section\">\n\t\t\t\t\t\t<div class=\"elementor-container elementor-column-gap-default\">\n\t\t\t\t\t<div class=\"elementor-column elementor-col-100 elementor-top-column elementor-element elementor-element-182b98d6\" data-id=\"182b98d6\" data-element_type=\"column\">\n\t\t\t<div class=\"elementor-widget-wrap elementor-element-populated\">\n\t\t\t\t\t\t\t\t<div class=\"elementor-element elementor-element-6d7de97c elementor-widget elementor-widget-heading\" data-id=\"6d7de97c\" data-element_type=\"widget\" data-widget_type=\"heading.default\">\n\t\t\t\t<div class=\"elementor-widget-container\">\n\t\t\t<h2 class=\"elementor-heading-title elementor-size-default\">Kontakt<\/h2>\t\t<\/div>\n\t\t\t\t<\/div>\n\t\t\t\t<div class=\"elementor-element elementor-element-6458c82 elementor-widget elementor-widget-image\" data-id=\"6458c82\" data-element_type=\"widget\" data-widget_type=\"image.default\">\n\t\t\t\t<div class=\"elementor-widget-container\">\n\t\t\t\t\t\t\t\t\t\t\t\t\t\t\t<img decoding=\"async\" width=\"500\" height=\"150\" src=\"https:\/\/www.dragec-prijevoz.hr\/de\/wp-content\/uploads\/2022\/01\/dragec-prevoz-velebit.png\" class=\"attachment-full size-full\" alt=\"dragec prevoz velebit\" loading=\"lazy\" \/>\t\t\t\t\t\t\t\t\t\t\t\t\t\t\t<\/div>\n\t\t\t\t<\/div>\n\t\t\t\t<section class=\"elementor-section elementor-inner-section elementor-element elementor-element-680695e2 elementor-section-boxed elementor-section-height-default elementor-section-height-default\" data-id=\"680695e2\" data-element_type=\"section\">\n\t\t\t\t\t\t<div class=\"elementor-container elementor-column-gap-default\">\n\t\t\t\t\t<div class=\"elementor-column elementor-col-100 elementor-inner-column elementor-element elementor-element-5c64f46\" data-id=\"5c64f46\" data-element_type=\"column\">\n\t\t\t<div class=\"elementor-widget-wrap elementor-element-populated\">\n\t\t\t\t\t\t\t\t<div class=\"elementor-element elementor-element-273bbf07 elementor-widget elementor-widget-text-editor\" data-id=\"273bbf07\" data-element_type=\"widget\" data-widget_type=\"text-editor.default\">\n\t\t\t\t<div class=\"elementor-widget-container\">\n\t\t\t\t\t\t\t<p><strong>Rufen Sie uns an und buchen Sie noch heute Ihren Transfer.<\/strong><\/p><p><strong>Senden Sie uns eine Nachricht auf WhatsApp und Wiber.<\/strong><\/p>\t\t\t\t\t\t<\/div>\n\t\t\t\t<\/div>\n\t\t\t\t\t<\/div>\n\t\t<\/div>\n\t\t\t\t\t\t\t<\/div>\n\t\t<\/section>\n\t\t\t\t<section class=\"elementor-section elementor-inner-section elementor-element elementor-element-3f4c6c4a elementor-section-boxed elementor-section-height-default elementor-section-height-default\" data-id=\"3f4c6c4a\" data-element_type=\"section\">\n\t\t\t\t\t\t<div class=\"elementor-container elementor-column-gap-default\">\n\t\t\t\t\t<div class=\"elementor-column elementor-col-100 elementor-inner-column elementor-element elementor-element-1bd3237a\" data-id=\"1bd3237a\" data-element_type=\"column\">\n\t\t\t<div class=\"elementor-widget-wrap elementor-element-populated\">\n\t\t\t\t\t\t\t\t<div class=\"elementor-element elementor-element-2669a629 elementor-widget elementor-widget-text-editor\" data-id=\"2669a629\" data-element_type=\"widget\" data-widget_type=\"text-editor.default\">\n\t\t\t\t<div class=\"elementor-widget-container\">\n\t\t\t\t\t\t\t<p><strong>&#8222;Dragec&#8220; Personenverkehr<\/strong><\/p><p>Bartola Ka\u0161i\u0107a 1<br \/>53220 Oto\u010dac<\/p><p>Mob: 00385 (0) 98 912 66 44<br \/>Email: <a href=\"mailto:dragecprijevoz@gmail.com\">dragecprijevoz@gmail.com<\/a>\u00a0<\/p><p>Facebook: <a href=\"https:\/\/web.facebook.com\/dragecccc\/\" target=\"_blank\" rel=\"noopener\"><strong>Dragec<\/strong><\/a><br \/>Facebook: <a href=\"https:\/\/web.facebook.com\/dragec.prijevoz\" target=\"_blank\" rel=\"noopener\"><strong>Dragec prijevoz<\/strong><\/a><\/p>\t\t\t\t\t\t<\/div>\n\t\t\t\t<\/div>\n\t\t\t\t\t<\/div>\n\t\t<\/div>\n\t\t\t\t\t\t\t<\/div>\n\t\t<\/section>\n\t\t\t\t\t<\/div>\n\t\t<\/div>\n\t\t\t\t\t\t\t<\/div>\n\t\t<\/section>\n\t\t\t\t<section class=\"elementor-section elementor-top-section elementor-element elementor-element-03d96d2 elementor-section-boxed elementor-section-height-default elementor-section-height-default\" data-id=\"03d96d2\" data-element_type=\"section\">\n\t\t\t\t\t\t<div class=\"elementor-container elementor-column-gap-default\">\n\t\t\t\t\t<div class=\"elementor-column elementor-col-100 elementor-top-column elementor-element elementor-element-fce6e79\" data-id=\"fce6e79\" data-element_type=\"column\">\n\t\t\t<div class=\"elementor-widget-wrap elementor-element-populated\">\n\t\t\t\t\t\t\t\t<div class=\"elementor-element elementor-element-7b2316d elementor-widget elementor-widget-image\" data-id=\"7b2316d\" data-element_type=\"widget\" data-widget_type=\"image.default\">\n\t\t\t\t<div class=\"elementor-widget-container\">\n\t\t\t\t\t\t\t\t\t\t\t\t\t\t\t\t<a href=\"https:\/\/www.google.com\/maps\/dir\/Krasno+Polje\/53274,+Krasno+Polje,+Hrvatska\/@44.8215702,15.0166442,18129m\/data=!3m2!1e3!4b1!4m14!4m13!1m5!1m1!1s0x4763b8bbaa950a05:0xb8a7becaab0c3898!2m2!1d15.0517493!2d44.8215147!1m5!1m1!1s0x4763b8bbaa950a05:0xb8a7becaab0c3898!2m2!1d15.0517493!2d44.8215147!3e0\" target=\"_blank\">\n\t\t\t\t\t\t\t<img decoding=\"async\" width=\"2184\" height=\"1111\" src=\"https:\/\/www.dragec-prijevoz.hr\/de\/wp-content\/uploads\/2022\/01\/karta-dragec-prijevoz-velebit-krasno.jpg\" class=\"attachment-full size-full\" alt=\"\" loading=\"lazy\" srcset=\"https:\/\/www.dragec-prijevoz.hr\/de\/wp-content\/uploads\/2022\/01\/karta-dragec-prijevoz-velebit-krasno.jpg 2184w, https:\/\/www.dragec-prijevoz.hr\/de\/wp-content\/uploads\/2022\/01\/karta-dragec-prijevoz-velebit-krasno-600x305.jpg 600w, https:\/\/www.dragec-prijevoz.hr\/de\/wp-content\/uploads\/2022\/01\/karta-dragec-prijevoz-velebit-krasno-1824x928.jpg 1824w, https:\/\/www.dragec-prijevoz.hr\/de\/wp-content\/uploads\/2022\/01\/karta-dragec-prijevoz-velebit-krasno-768x391.jpg 768w, https:\/\/www.dragec-prijevoz.hr\/de\/wp-content\/uploads\/2022\/01\/karta-dragec-prijevoz-velebit-krasno-1536x781.jpg 1536w, https:\/\/www.dragec-prijevoz.hr\/de\/wp-content\/uploads\/2022\/01\/karta-dragec-prijevoz-velebit-krasno-2048x1042.jpg 2048w\" sizes=\"(max-width: 2184px) 100vw, 2184px\" \/>\t\t\t\t\t\t\t\t<\/a>\n\t\t\t\t\t\t\t\t\t\t\t\t\t\t\t<\/div>\n\t\t\t\t<\/div>\n\t\t\t\t\t<\/div>\n\t\t<\/div>\n\t\t\t\t\t\t\t<\/div>\n\t\t<\/section>\n\t\t\t\t\t\t<\/div>\n\t\t\t\t\t<\/div>\n\t\t","protected":false},"excerpt":{"rendered":"<p>Kontakt Rufen Sie uns an und buchen Sie noch heute Ihren Transfer. Senden Sie uns eine Nachricht auf WhatsApp und Wiber. &#8222;Dragec&#8220; Personenverkehr Bartola Ka\u0161i\u0107a 153220 Oto\u010dac Mob: 00385 (0) 98 912 66 44Email: dragecprijevoz@gmail.com Facebook: DragecFacebook: Dragec prijevoz<\/p>\n","protected":false},"author":1,"featured_media":0,"parent":0,"menu_order":0,"comment_status":"closed","ping_status":"closed","template":"","meta":[],"yoast_head":"<!-- This site is optimized with the Yoast SEO Premium plugin v17.8 (Yoast SEO v20.8) - https:\/\/yoast.com\/wordpress\/plugins\/seo\/ -->\n<title>Kontakt - Dragec prijevoz - Velebit - Transport mit Bus<\/title>\n<meta name=\"description\" content=\"Dragec Personenverkehr - Velebit - Kroatien - We ensure safe, accurate, comfortable and reliable passenger transport in Croatia.\" \/>\n<meta name=\"robots\" content=\"index, follow, max-snippet:-1, max-image-preview:large, max-video-preview:-1\" \/>\n<link rel=\"canonical\" href=\"https:\/\/www.dragec-prijevoz.hr\/de\/kontakt\/\" \/>\n<meta property=\"og:locale\" content=\"de_DE\" \/>\n<meta property=\"og:type\" content=\"article\" \/>\n<meta property=\"og:title\" content=\"Kontakt\" \/>\n<meta property=\"og:description\" content=\"Dragec Personenverkehr - Velebit - Kroatien - We ensure safe, accurate, comfortable and reliable passenger transport in Croatia.\" \/>\n<meta property=\"og:url\" content=\"https:\/\/www.dragec-prijevoz.hr\/de\/kontakt\/\" \/>\n<meta property=\"og:site_name\" content=\"Dragec prijevoz - Velebit - Transport mit Bus\" \/>\n<meta property=\"article:modified_time\" content=\"2022-02-02T11:06:34+00:00\" \/>\n<meta property=\"og:image\" content=\"https:\/\/www.dragec-prijevoz.hr\/de\/wp-content\/uploads\/2022\/01\/dragec-prevoz-velebit.png\" \/>\n<meta name=\"twitter:card\" content=\"summary_large_image\" \/>\n<meta name=\"twitter:label1\" content=\"Gesch\u00e4tzte Lesezeit\" \/>\n\t<meta name=\"twitter:data1\" content=\"1 Minute\" \/>\n<script type=\"application\/ld+json\" class=\"yoast-schema-graph\">{\"@context\":\"https:\/\/schema.org\",\"@graph\":[{\"@type\":\"WebPage\",\"@id\":\"https:\/\/www.dragec-prijevoz.hr\/de\/kontakt\/\",\"url\":\"https:\/\/www.dragec-prijevoz.hr\/de\/kontakt\/\",\"name\":\"Kontakt - Dragec prijevoz - Velebit - Transport mit Bus\",\"isPartOf\":{\"@id\":\"https:\/\/www.dragec-prijevoz.hr\/de\/#website\"},\"datePublished\":\"2022-01-18T16:37:51+00:00\",\"dateModified\":\"2022-02-02T11:06:34+00:00\",\"description\":\"Dragec Personenverkehr - Velebit - Kroatien - We ensure safe, accurate, comfortable and reliable passenger transport in Croatia.\",\"breadcrumb\":{\"@id\":\"https:\/\/www.dragec-prijevoz.hr\/de\/kontakt\/#breadcrumb\"},\"inLanguage\":\"de-DE\",\"potentialAction\":[{\"@type\":\"ReadAction\",\"target\":[\"https:\/\/www.dragec-prijevoz.hr\/de\/kontakt\/\"]}]},{\"@type\":\"BreadcrumbList\",\"@id\":\"https:\/\/www.dragec-prijevoz.hr\/de\/kontakt\/#breadcrumb\",\"itemListElement\":[{\"@type\":\"ListItem\",\"position\":1,\"name\":\"Po\u010detna stranica\",\"item\":\"https:\/\/www.dragec-prijevoz.hr\/de\/\"},{\"@type\":\"ListItem\",\"position\":2,\"name\":\"Kontakt\"}]},{\"@type\":\"WebSite\",\"@id\":\"https:\/\/www.dragec-prijevoz.hr\/de\/#website\",\"url\":\"https:\/\/www.dragec-prijevoz.hr\/de\/\",\"name\":\"Dragec prijevoz - Velebit - Transport mit Bus\",\"description\":\"Transport mit Bus und Van auf Velebit\",\"publisher\":{\"@id\":\"https:\/\/www.dragec-prijevoz.hr\/de\/#organization\"},\"potentialAction\":[{\"@type\":\"SearchAction\",\"target\":{\"@type\":\"EntryPoint\",\"urlTemplate\":\"https:\/\/www.dragec-prijevoz.hr\/de\/?s={search_term_string}\"},\"query-input\":\"required name=search_term_string\"}],\"inLanguage\":\"de-DE\"},{\"@type\":\"Organization\",\"@id\":\"https:\/\/www.dragec-prijevoz.hr\/de\/#organization\",\"name\":\"Dragec prijevoz - Velebit - Hrvatska\",\"url\":\"https:\/\/www.dragec-prijevoz.hr\/de\/\",\"logo\":{\"@type\":\"ImageObject\",\"inLanguage\":\"de-DE\",\"@id\":\"https:\/\/www.dragec-prijevoz.hr\/de\/#\/schema\/logo\/image\/\",\"url\":\"https:\/\/www.dragec-prijevoz.hr\/de\/wp-content\/uploads\/2022\/01\/dragec-prevoz-velebit.png\",\"contentUrl\":\"https:\/\/www.dragec-prijevoz.hr\/de\/wp-content\/uploads\/2022\/01\/dragec-prevoz-velebit.png\",\"width\":500,\"height\":150,\"caption\":\"Dragec prijevoz - Velebit - Hrvatska\"},\"image\":{\"@id\":\"https:\/\/www.dragec-prijevoz.hr\/de\/#\/schema\/logo\/image\/\"}}]}<\/script>\n<!-- \/ Yoast SEO Premium plugin. -->","yoast_head_json":{"title":"Kontakt - Dragec prijevoz - Velebit - Transport mit Bus","description":"Dragec Personenverkehr - Velebit - Kroatien - We ensure safe, accurate, comfortable and reliable passenger transport in Croatia.","robots":{"index":"index","follow":"follow","max-snippet":"max-snippet:-1","max-image-preview":"max-image-preview:large","max-video-preview":"max-video-preview:-1"},"canonical":"https:\/\/www.dragec-prijevoz.hr\/de\/kontakt\/","og_locale":"de_DE","og_type":"article","og_title":"Kontakt","og_description":"Dragec Personenverkehr - Velebit - Kroatien - We ensure safe, accurate, comfortable and reliable passenger transport in Croatia.","og_url":"https:\/\/www.dragec-prijevoz.hr\/de\/kontakt\/","og_site_name":"Dragec prijevoz - Velebit - Transport mit Bus","article_modified_time":"2022-02-02T11:06:34+00:00","og_image":[{"url":"https:\/\/www.dragec-prijevoz.hr\/de\/wp-content\/uploads\/2022\/01\/dragec-prevoz-velebit.png"}],"twitter_card":"summary_large_image","twitter_misc":{"Gesch\u00e4tzte Lesezeit":"1 Minute"},"schema":{"@context":"https:\/\/schema.org","@graph":[{"@type":"WebPage","@id":"https:\/\/www.dragec-prijevoz.hr\/de\/kontakt\/","url":"https:\/\/www.dragec-prijevoz.hr\/de\/kontakt\/","name":"Kontakt - Dragec prijevoz - Velebit - Transport mit Bus","isPartOf":{"@id":"https:\/\/www.dragec-prijevoz.hr\/de\/#website"},"datePublished":"2022-01-18T16:37:51+00:00","dateModified":"2022-02-02T11:06:34+00:00","description":"Dragec Personenverkehr - Velebit - Kroatien - We ensure safe, accurate, comfortable and reliable passenger transport in Croatia.","breadcrumb":{"@id":"https:\/\/www.dragec-prijevoz.hr\/de\/kontakt\/#breadcrumb"},"inLanguage":"de-DE","potentialAction":[{"@type":"ReadAction","target":["https:\/\/www.dragec-prijevoz.hr\/de\/kontakt\/"]}]},{"@type":"BreadcrumbList","@id":"https:\/\/www.dragec-prijevoz.hr\/de\/kontakt\/#breadcrumb","itemListElement":[{"@type":"ListItem","position":1,"name":"Po\u010detna stranica","item":"https:\/\/www.dragec-prijevoz.hr\/de\/"},{"@type":"ListItem","position":2,"name":"Kontakt"}]},{"@type":"WebSite","@id":"https:\/\/www.dragec-prijevoz.hr\/de\/#website","url":"https:\/\/www.dragec-prijevoz.hr\/de\/","name":"Dragec prijevoz - Velebit - Transport mit Bus","description":"Transport mit Bus und Van auf Velebit","publisher":{"@id":"https:\/\/www.dragec-prijevoz.hr\/de\/#organization"},"potentialAction":[{"@type":"SearchAction","target":{"@type":"EntryPoint","urlTemplate":"https:\/\/www.dragec-prijevoz.hr\/de\/?s={search_term_string}"},"query-input":"required name=search_term_string"}],"inLanguage":"de-DE"},{"@type":"Organization","@id":"https:\/\/www.dragec-prijevoz.hr\/de\/#organization","name":"Dragec prijevoz - Velebit - Hrvatska","url":"https:\/\/www.dragec-prijevoz.hr\/de\/","logo":{"@type":"ImageObject","inLanguage":"de-DE","@id":"https:\/\/www.dragec-prijevoz.hr\/de\/#\/schema\/logo\/image\/","url":"https:\/\/www.dragec-prijevoz.hr\/de\/wp-content\/uploads\/2022\/01\/dragec-prevoz-velebit.png","contentUrl":"https:\/\/www.dragec-prijevoz.hr\/de\/wp-content\/uploads\/2022\/01\/dragec-prevoz-velebit.png","width":500,"height":150,"caption":"Dragec prijevoz - Velebit - Hrvatska"},"image":{"@id":"https:\/\/www.dragec-prijevoz.hr\/de\/#\/schema\/logo\/image\/"}}]}},"_links":{"self":[{"href":"https:\/\/www.dragec-prijevoz.hr\/de\/wp-json\/wp\/v2\/pages\/359"}],"collection":[{"href":"https:\/\/www.dragec-prijevoz.hr\/de\/wp-json\/wp\/v2\/pages"}],"about":[{"href":"https:\/\/www.dragec-prijevoz.hr\/de\/wp-json\/wp\/v2\/types\/page"}],"author":[{"embeddable":true,"href":"https:\/\/www.dragec-prijevoz.hr\/de\/wp-json\/wp\/v2\/users\/1"}],"replies":[{"embeddable":true,"href":"https:\/\/www.dragec-prijevoz.hr\/de\/wp-json\/wp\/v2\/comments?post=359"}],"version-history":[{"count":70,"href":"https:\/\/www.dragec-prijevoz.hr\/de\/wp-json\/wp\/v2\/pages\/359\/revisions"}],"predecessor-version":[{"id":1395,"href":"https:\/\/www.dragec-prijevoz.hr\/de\/wp-json\/wp\/v2\/pages\/359\/revisions\/1395"}],"wp:attachment":[{"href":"https:\/\/www.dragec-prijevoz.hr\/de\/wp-json\/wp\/v2\/media?parent=359"}],"curies":[{"name":"wp","href":"https:\/\/api.w.org\/{rel}","templated":true}]}}