{"id":390,"date":"2022-01-18T17:34:39","date_gmt":"2022-01-18T17:34:39","guid":{"rendered":"https:\/\/www.dragec-prijevoz.hr\/de\/en\/?page_id=390"},"modified":"2022-02-02T09:43:10","modified_gmt":"2022-02-02T09:43:10","slug":"nationalpark-nordliche-velebit","status":"publish","type":"page","link":"https:\/\/www.dragec-prijevoz.hr\/de\/ausfluge\/nationalpark-nordliche-velebit\/","title":{"rendered":"Nationalpark N\u00f6rdliche Velebit"},"content":{"rendered":"\t\t<div data-elementor-type=\"wp-page\" data-elementor-id=\"390\" class=\"elementor elementor-390\" data-elementor-settings=\"[]\">\n\t\t\t\t\t\t\t<div class=\"elementor-section-wrap\">\n\t\t\t\t\t\t\t<section class=\"elementor-section elementor-top-section elementor-element elementor-element-61084d11 elementor-section-boxed elementor-section-height-default elementor-section-height-default\" data-id=\"61084d11\" data-element_type=\"section\">\n\t\t\t\t\t\t<div class=\"elementor-container elementor-column-gap-default\">\n\t\t\t\t\t<div class=\"elementor-column elementor-col-100 elementor-top-column elementor-element elementor-element-530054b\" data-id=\"530054b\" data-element_type=\"column\">\n\t\t\t<div class=\"elementor-widget-wrap elementor-element-populated\">\n\t\t\t\t\t\t\t\t<div class=\"elementor-element elementor-element-19176684 elementor-widget elementor-widget-heading\" data-id=\"19176684\" data-element_type=\"widget\" data-widget_type=\"heading.default\">\n\t\t\t\t<div class=\"elementor-widget-container\">\n\t\t\t<h2 class=\"elementor-heading-title elementor-size-default\">Nationalpark N\u00f6rdliche Velebit<\/h2>\t\t<\/div>\n\t\t\t\t<\/div>\n\t\t\t\t<section class=\"elementor-section elementor-inner-section elementor-element elementor-element-f27df8c elementor-section-boxed elementor-section-height-default elementor-section-height-default\" data-id=\"f27df8c\" data-element_type=\"section\">\n\t\t\t\t\t\t<div class=\"elementor-container elementor-column-gap-default\">\n\t\t\t\t\t<div class=\"elementor-column elementor-col-50 elementor-inner-column elementor-element elementor-element-4962aa74\" data-id=\"4962aa74\" data-element_type=\"column\">\n\t\t\t<div class=\"elementor-widget-wrap elementor-element-populated\">\n\t\t\t\t\t\t\t\t<div class=\"elementor-element elementor-element-4f9577cd elementor-widget elementor-widget-text-editor\" data-id=\"4f9577cd\" data-element_type=\"widget\" data-widget_type=\"text-editor.default\">\n\t\t\t\t<div class=\"elementor-widget-container\">\n\t\t\t\t\t\t\t<p><img decoding=\"async\" loading=\"lazy\" class=\" wp-image-369 alignleft\" src=\"https:\/\/www.dragec-prijevoz.hr\/de\/wp-content\/uploads\/2022\/01\/logo_sjeverni-velebit-dragec-prijevoz.png\" alt=\"\" width=\"101\" height=\"122\" \/>Northern Velebit National Park, the youngest National Park in Croatia, is simply yet another pearl in the necklace of Velebit.<\/p><p>Known for a long time, but still not fully discovered. The area of Northern Velebit is a true mosaic created out of the most diverse habitats, constituting home to many plant, fungus and animal species.<\/p><p>It is precisely this diversity of karst forms, life and landscapes that led to the establishment of the Northern Velebit National Park.<\/p><p>The entire area of the National Park is a spectacle of diversity. Forests, grasslands, rocks, talus cones, water habitats&#8230; the boundaries of these phenomena are not strict; instead, they merge into one another.<\/p>\t\t\t\t\t\t<\/div>\n\t\t\t\t<\/div>\n\t\t\t\t\t<\/div>\n\t\t<\/div>\n\t\t\t\t<div class=\"elementor-column elementor-col-50 elementor-inner-column elementor-element elementor-element-69d61ee3\" data-id=\"69d61ee3\" data-element_type=\"column\">\n\t\t\t<div class=\"elementor-widget-wrap elementor-element-populated\">\n\t\t\t\t\t\t\t\t<div class=\"elementor-element elementor-element-68b813b0 elementor-aspect-ratio-169 elementor-widget elementor-widget-video\" data-id=\"68b813b0\" data-element_type=\"widget\" data-settings=\"{&quot;youtube_url&quot;:&quot;https:\\\/\\\/www.youtube.com\\\/watch?v=4Zim1nzaeJ8&quot;,&quot;video_type&quot;:&quot;youtube&quot;,&quot;controls&quot;:&quot;yes&quot;,&quot;aspect_ratio&quot;:&quot;169&quot;}\" data-widget_type=\"video.default\">\n\t\t\t\t<div class=\"elementor-widget-container\">\n\t\t\t\t\t<div class=\"elementor-wrapper elementor-fit-aspect-ratio elementor-open-inline\">\n\t\t\t<div class=\"elementor-video\"><\/div>\t\t<\/div>\n\t\t\t\t<\/div>\n\t\t\t\t<\/div>\n\t\t\t\t\t<\/div>\n\t\t<\/div>\n\t\t\t\t\t\t\t<\/div>\n\t\t<\/section>\n\t\t\t\t<section class=\"elementor-section elementor-inner-section elementor-element elementor-element-6e5f72e9 elementor-section-boxed elementor-section-height-default elementor-section-height-default\" data-id=\"6e5f72e9\" data-element_type=\"section\">\n\t\t\t\t\t\t<div class=\"elementor-container elementor-column-gap-default\">\n\t\t\t\t\t<div class=\"elementor-column elementor-col-100 elementor-inner-column elementor-element elementor-element-708e6c67\" data-id=\"708e6c67\" data-element_type=\"column\">\n\t\t\t<div class=\"elementor-widget-wrap elementor-element-populated\">\n\t\t\t\t\t\t\t\t<div class=\"elementor-element elementor-element-5253a252 elementor-widget elementor-widget-text-editor\" data-id=\"5253a252\" data-element_type=\"widget\" data-widget_type=\"text-editor.default\">\n\t\t\t\t<div class=\"elementor-widget-container\">\n\t\t\t\t\t\t\t<p>Due to this diversity, Northern Velebit National Park, while small, is nevertheless an important part of the ecological network, as a conservation area important for as many as ten plant and animal species, and eight various types of habitats \u2013 grasslands, forests and rocks.<\/p><p>However, the key character and values of the National Park are hidden from most visitors, underneath their legs. We are referring to a unique and special world of subterranean karst forms, with pits being the most extraordinary phenomenon.<\/p><p>The area of Alan is located in the southern part of the Park. It is a place of mountain grasslands, karst valleys and cascades with mountain peaks above.<\/p><p>The view from Alan towards the sea and the islands is bound to remain engraved in the memory of every visitor.<\/p><p>Throughout its history, Velebit has not been merely an empty space without vibrations of everyday human life. Just like the previous inhabitants of Velebit were once attracted to this green part of Velebit crisscrossed by creeks, today the valley attracts visitors as one of their favorite destinations.<\/p>\t\t\t\t\t\t<\/div>\n\t\t\t\t<\/div>\n\t\t\t\t<div class=\"elementor-element elementor-element-2e101788 elementor-align-justify elementor-widget elementor-widget-button\" data-id=\"2e101788\" data-element_type=\"widget\" data-widget_type=\"button.default\">\n\t\t\t\t<div class=\"elementor-widget-container\">\n\t\t\t\t\t<div class=\"elementor-button-wrapper\">\n\t\t\t<a href=\"#kontakt\" class=\"elementor-button-link elementor-button elementor-size-sm\" role=\"button\">\n\t\t\t\t\t\t<span class=\"elementor-button-content-wrapper\">\n\t\t\t\t\t\t<span class=\"elementor-button-text\">Kontaktiere uns<\/span>\n\t\t<\/span>\n\t\t\t\t\t<\/a>\n\t\t<\/div>\n\t\t\t\t<\/div>\n\t\t\t\t<\/div>\n\t\t\t\t\t<\/div>\n\t\t<\/div>\n\t\t\t\t\t\t\t<\/div>\n\t\t<\/section>\n\t\t\t\t\t<\/div>\n\t\t<\/div>\n\t\t\t\t\t\t\t<\/div>\n\t\t<\/section>\n\t\t\t\t<section class=\"elementor-section elementor-top-section elementor-element elementor-element-6cf12a7 elementor-section-full_width elementor-section-height-default elementor-section-height-default\" data-id=\"6cf12a7\" data-element_type=\"section\">\n\t\t\t\t\t\t<div class=\"elementor-container elementor-column-gap-no\">\n\t\t\t\t\t<div class=\"elementor-column elementor-col-100 elementor-top-column elementor-element elementor-element-b58ced9\" data-id=\"b58ced9\" data-element_type=\"column\">\n\t\t\t<div class=\"elementor-widget-wrap elementor-element-populated\">\n\t\t\t\t\t\t\t\t<div class=\"elementor-element elementor-element-d46a867 elementor-widget elementor-widget-gallery\" data-id=\"d46a867\" data-element_type=\"widget\" data-settings=\"{&quot;gap&quot;:{&quot;unit&quot;:&quot;px&quot;,&quot;size&quot;:16,&quot;sizes&quot;:[]},&quot;lazyload&quot;:&quot;yes&quot;,&quot;gallery_layout&quot;:&quot;grid&quot;,&quot;columns&quot;:4,&quot;columns_tablet&quot;:2,&quot;columns_mobile&quot;:1,&quot;gap_tablet&quot;:{&quot;unit&quot;:&quot;px&quot;,&quot;size&quot;:10,&quot;sizes&quot;:[]},&quot;gap_mobile&quot;:{&quot;unit&quot;:&quot;px&quot;,&quot;size&quot;:10,&quot;sizes&quot;:[]},&quot;link_to&quot;:&quot;file&quot;,&quot;aspect_ratio&quot;:&quot;3:2&quot;,&quot;overlay_background&quot;:&quot;yes&quot;,&quot;content_hover_animation&quot;:&quot;fade-in&quot;}\" data-widget_type=\"gallery.default\">\n\t\t\t\t<div class=\"elementor-widget-container\">\n\t\t\t\t\t<div class=\"elementor-gallery__container\">\n\t\t\t\t\t\t\t<a class=\"e-gallery-item elementor-gallery-item elementor-animated-content\" href=\"https:\/\/www.dragec-prijevoz.hr\/de\/wp-content\/uploads\/2022\/01\/DSC_6006.jpg\" data-elementor-open-lightbox=\"yes\" data-elementor-lightbox-slideshow=\"all-d46a867\" data-elementor-lightbox-title=\"DSC_6006\">\n\t\t\t\t\t<div class=\"e-gallery-image elementor-gallery-item__image\" data-thumbnail=\"https:\/\/www.dragec-prijevoz.hr\/de\/wp-content\/uploads\/2022\/01\/DSC_6006-600x300.jpg\" data-width=\"600\" data-height=\"300\" alt=\"\" ><\/div>\n\t\t\t\t\t\t\t\t\t\t\t<div class=\"elementor-gallery-item__overlay\"><\/div>\n\t\t\t\t\t\t\t\t\t\t\t\t\t\t<\/a>\n\t\t\t\t\t\t\t<a class=\"e-gallery-item elementor-gallery-item elementor-animated-content\" href=\"https:\/\/www.dragec-prijevoz.hr\/de\/wp-content\/uploads\/2022\/01\/DSC_8658.jpg\" data-elementor-open-lightbox=\"yes\" data-elementor-lightbox-slideshow=\"all-d46a867\" data-elementor-lightbox-title=\"DSC_8658\">\n\t\t\t\t\t<div class=\"e-gallery-image elementor-gallery-item__image\" data-thumbnail=\"https:\/\/www.dragec-prijevoz.hr\/de\/wp-content\/uploads\/2022\/01\/DSC_8658-600x300.jpg\" data-width=\"600\" data-height=\"300\" alt=\"\" ><\/div>\n\t\t\t\t\t\t\t\t\t\t\t<div class=\"elementor-gallery-item__overlay\"><\/div>\n\t\t\t\t\t\t\t\t\t\t\t\t\t\t<\/a>\n\t\t\t\t\t\t\t<a class=\"e-gallery-item elementor-gallery-item elementor-animated-content\" href=\"https:\/\/www.dragec-prijevoz.hr\/de\/wp-content\/uploads\/2022\/01\/DSC_9563.jpg\" data-elementor-open-lightbox=\"yes\" data-elementor-lightbox-slideshow=\"all-d46a867\" data-elementor-lightbox-title=\"DSC_9563\">\n\t\t\t\t\t<div class=\"e-gallery-image elementor-gallery-item__image\" data-thumbnail=\"https:\/\/www.dragec-prijevoz.hr\/de\/wp-content\/uploads\/2022\/01\/DSC_9563-600x300.jpg\" data-width=\"600\" data-height=\"300\" alt=\"\" ><\/div>\n\t\t\t\t\t\t\t\t\t\t\t<div class=\"elementor-gallery-item__overlay\"><\/div>\n\t\t\t\t\t\t\t\t\t\t\t\t\t\t<\/a>\n\t\t\t\t\t\t\t<a class=\"e-gallery-item elementor-gallery-item elementor-animated-content\" href=\"https:\/\/www.dragec-prijevoz.hr\/de\/wp-content\/uploads\/2022\/01\/DSC_9876.jpg\" data-elementor-open-lightbox=\"yes\" data-elementor-lightbox-slideshow=\"all-d46a867\" data-elementor-lightbox-title=\"DSC_9876\">\n\t\t\t\t\t<div class=\"e-gallery-image elementor-gallery-item__image\" data-thumbnail=\"https:\/\/www.dragec-prijevoz.hr\/de\/wp-content\/uploads\/2022\/01\/DSC_9876-600x300.jpg\" data-width=\"600\" data-height=\"300\" alt=\"\" ><\/div>\n\t\t\t\t\t\t\t\t\t\t\t<div class=\"elementor-gallery-item__overlay\"><\/div>\n\t\t\t\t\t\t\t\t\t\t\t\t\t\t<\/a>\n\t\t\t\t\t\t\t<a class=\"e-gallery-item elementor-gallery-item elementor-animated-content\" href=\"https:\/\/www.dragec-prijevoz.hr\/de\/wp-content\/uploads\/2022\/01\/DSC_91601.jpg\" data-elementor-open-lightbox=\"yes\" data-elementor-lightbox-slideshow=\"all-d46a867\" data-elementor-lightbox-title=\"DSC_91601\">\n\t\t\t\t\t<div class=\"e-gallery-image elementor-gallery-item__image\" data-thumbnail=\"https:\/\/www.dragec-prijevoz.hr\/de\/wp-content\/uploads\/2022\/01\/DSC_91601-600x300.jpg\" data-width=\"600\" data-height=\"300\" alt=\"\" ><\/div>\n\t\t\t\t\t\t\t\t\t\t\t<div class=\"elementor-gallery-item__overlay\"><\/div>\n\t\t\t\t\t\t\t\t\t\t\t\t\t\t<\/a>\n\t\t\t\t\t\t\t<a class=\"e-gallery-item elementor-gallery-item elementor-animated-content\" href=\"https:\/\/www.dragec-prijevoz.hr\/de\/wp-content\/uploads\/2022\/01\/IMG_20160608_090955.jpg\" data-elementor-open-lightbox=\"yes\" data-elementor-lightbox-slideshow=\"all-d46a867\" data-elementor-lightbox-title=\"IMG_20160608_090955\">\n\t\t\t\t\t<div class=\"e-gallery-image elementor-gallery-item__image\" data-thumbnail=\"https:\/\/www.dragec-prijevoz.hr\/de\/wp-content\/uploads\/2022\/01\/IMG_20160608_090955-600x300.jpg\" data-width=\"600\" data-height=\"300\" alt=\"\" ><\/div>\n\t\t\t\t\t\t\t\t\t\t\t<div class=\"elementor-gallery-item__overlay\"><\/div>\n\t\t\t\t\t\t\t\t\t\t\t\t\t\t<\/a>\n\t\t\t\t\t\t\t<a class=\"e-gallery-item elementor-gallery-item elementor-animated-content\" href=\"https:\/\/www.dragec-prijevoz.hr\/de\/wp-content\/uploads\/2022\/01\/IMG_20190507_070649.jpg\" data-elementor-open-lightbox=\"yes\" data-elementor-lightbox-slideshow=\"all-d46a867\" data-elementor-lightbox-title=\"dav\">\n\t\t\t\t\t<div class=\"e-gallery-image elementor-gallery-item__image\" data-thumbnail=\"https:\/\/www.dragec-prijevoz.hr\/de\/wp-content\/uploads\/2022\/01\/IMG_20190507_070649-600x300.jpg\" data-width=\"600\" data-height=\"300\" alt=\"\" ><\/div>\n\t\t\t\t\t\t\t\t\t\t\t<div class=\"elementor-gallery-item__overlay\"><\/div>\n\t\t\t\t\t\t\t\t\t\t\t\t\t\t<\/a>\n\t\t\t\t\t\t\t<a class=\"e-gallery-item elementor-gallery-item elementor-animated-content\" href=\"https:\/\/www.dragec-prijevoz.hr\/de\/wp-content\/uploads\/2022\/01\/IMG_20190804_162728.jpg\" data-elementor-open-lightbox=\"yes\" data-elementor-lightbox-slideshow=\"all-d46a867\" data-elementor-lightbox-title=\"IMG_20190804_162728\">\n\t\t\t\t\t<div class=\"e-gallery-image elementor-gallery-item__image\" data-thumbnail=\"https:\/\/www.dragec-prijevoz.hr\/de\/wp-content\/uploads\/2022\/01\/IMG_20190804_162728-600x300.jpg\" data-width=\"600\" data-height=\"300\" alt=\"\" ><\/div>\n\t\t\t\t\t\t\t\t\t\t\t<div class=\"elementor-gallery-item__overlay\"><\/div>\n\t\t\t\t\t\t\t\t\t\t\t\t\t\t<\/a>\n\t\t\t\t\t<\/div>\n\t\t\t<\/div>\n\t\t\t\t<\/div>\n\t\t\t\t\t<\/div>\n\t\t<\/div>\n\t\t\t\t\t\t\t<\/div>\n\t\t<\/section>\n\t\t\t\t\t\t<\/div>\n\t\t\t\t\t<\/div>\n\t\t","protected":false},"excerpt":{"rendered":"<p>Nationalpark N\u00f6rdliche Velebit Northern Velebit National Park, the youngest National Park in Croatia, is simply yet another pearl in the necklace of Velebit. Known for a long time, but still not fully discovered. The area of Northern Velebit is a true mosaic created out of the most diverse habitats, constituting home to many plant, fungus [&hellip;]<\/p>\n","protected":false},"author":1,"featured_media":0,"parent":353,"menu_order":0,"comment_status":"closed","ping_status":"closed","template":"","meta":[],"yoast_head":"<!-- This site is optimized with the Yoast SEO Premium plugin v17.8 (Yoast SEO v20.8) - https:\/\/yoast.com\/wordpress\/plugins\/seo\/ -->\n<title>Nationalpark N\u00f6rdliche Velebit - Dragec prijevoz - Velebit - Transport mit Bus<\/title>\n<meta name=\"description\" content=\"Dragec sicheren, genauen, komfortablen und zuverl\u00e4ssigen Personenverkehr - Velebit - Nationalpark N\u00f6rdliche Velebit Ausfl\u00fcge - Kroatien\" \/>\n<meta name=\"robots\" content=\"index, follow, max-snippet:-1, max-image-preview:large, max-video-preview:-1\" \/>\n<link rel=\"canonical\" href=\"https:\/\/www.dragec-prijevoz.hr\/de\/ausfluge\/nationalpark-nordliche-velebit\/\" \/>\n<meta property=\"og:locale\" content=\"de_DE\" \/>\n<meta property=\"og:type\" content=\"article\" \/>\n<meta property=\"og:title\" content=\"Nationalpark N\u00f6rdliche Velebit\" \/>\n<meta property=\"og:description\" content=\"Dragec sicheren, genauen, komfortablen und zuverl\u00e4ssigen Personenverkehr - Velebit - Nationalpark N\u00f6rdliche Velebit Ausfl\u00fcge - Kroatien\" \/>\n<meta property=\"og:url\" content=\"https:\/\/www.dragec-prijevoz.hr\/de\/ausfluge\/nationalpark-nordliche-velebit\/\" \/>\n<meta property=\"og:site_name\" content=\"Dragec prijevoz - Velebit - Transport mit Bus\" \/>\n<meta property=\"article:modified_time\" content=\"2022-02-02T09:43:10+00:00\" \/>\n<meta property=\"og:image\" content=\"https:\/\/www.dragec-prijevoz.hr\/de\/wp-content\/uploads\/2022\/01\/logo_sjeverni-velebit-dragec-prijevoz.png\" \/>\n<meta name=\"twitter:card\" content=\"summary_large_image\" \/>\n<meta name=\"twitter:label1\" content=\"Gesch\u00e4tzte Lesezeit\" \/>\n\t<meta name=\"twitter:data1\" content=\"2 Minuten\" \/>\n<script type=\"application\/ld+json\" class=\"yoast-schema-graph\">{\"@context\":\"https:\/\/schema.org\",\"@graph\":[{\"@type\":\"WebPage\",\"@id\":\"https:\/\/www.dragec-prijevoz.hr\/de\/ausfluge\/nationalpark-nordliche-velebit\/\",\"url\":\"https:\/\/www.dragec-prijevoz.hr\/de\/ausfluge\/nationalpark-nordliche-velebit\/\",\"name\":\"Nationalpark N\u00f6rdliche Velebit - Dragec prijevoz - Velebit - Transport mit Bus\",\"isPartOf\":{\"@id\":\"https:\/\/www.dragec-prijevoz.hr\/de\/#website\"},\"datePublished\":\"2022-01-18T17:34:39+00:00\",\"dateModified\":\"2022-02-02T09:43:10+00:00\",\"description\":\"Dragec sicheren, genauen, komfortablen und zuverl\u00e4ssigen Personenverkehr - Velebit - Nationalpark N\u00f6rdliche Velebit Ausfl\u00fcge - Kroatien\",\"breadcrumb\":{\"@id\":\"https:\/\/www.dragec-prijevoz.hr\/de\/ausfluge\/nationalpark-nordliche-velebit\/#breadcrumb\"},\"inLanguage\":\"de-DE\",\"potentialAction\":[{\"@type\":\"ReadAction\",\"target\":[\"https:\/\/www.dragec-prijevoz.hr\/de\/ausfluge\/nationalpark-nordliche-velebit\/\"]}]},{\"@type\":\"BreadcrumbList\",\"@id\":\"https:\/\/www.dragec-prijevoz.hr\/de\/ausfluge\/nationalpark-nordliche-velebit\/#breadcrumb\",\"itemListElement\":[{\"@type\":\"ListItem\",\"position\":1,\"name\":\"Po\u010detna stranica\",\"item\":\"https:\/\/www.dragec-prijevoz.hr\/de\/\"},{\"@type\":\"ListItem\",\"position\":2,\"name\":\"Ausfl\u00fcge\",\"item\":\"https:\/\/www.dragec-prijevoz.hr\/de\/ausfluge\/\"},{\"@type\":\"ListItem\",\"position\":3,\"name\":\"Nationalpark N\u00f6rdliche Velebit\"}]},{\"@type\":\"WebSite\",\"@id\":\"https:\/\/www.dragec-prijevoz.hr\/de\/#website\",\"url\":\"https:\/\/www.dragec-prijevoz.hr\/de\/\",\"name\":\"Dragec prijevoz - Velebit - Transport mit Bus\",\"description\":\"Transport mit Bus und Van auf Velebit\",\"publisher\":{\"@id\":\"https:\/\/www.dragec-prijevoz.hr\/de\/#organization\"},\"potentialAction\":[{\"@type\":\"SearchAction\",\"target\":{\"@type\":\"EntryPoint\",\"urlTemplate\":\"https:\/\/www.dragec-prijevoz.hr\/de\/?s={search_term_string}\"},\"query-input\":\"required name=search_term_string\"}],\"inLanguage\":\"de-DE\"},{\"@type\":\"Organization\",\"@id\":\"https:\/\/www.dragec-prijevoz.hr\/de\/#organization\",\"name\":\"Dragec prijevoz - Velebit - Hrvatska\",\"url\":\"https:\/\/www.dragec-prijevoz.hr\/de\/\",\"logo\":{\"@type\":\"ImageObject\",\"inLanguage\":\"de-DE\",\"@id\":\"https:\/\/www.dragec-prijevoz.hr\/de\/#\/schema\/logo\/image\/\",\"url\":\"https:\/\/www.dragec-prijevoz.hr\/de\/wp-content\/uploads\/2022\/01\/dragec-prevoz-velebit.png\",\"contentUrl\":\"https:\/\/www.dragec-prijevoz.hr\/de\/wp-content\/uploads\/2022\/01\/dragec-prevoz-velebit.png\",\"width\":500,\"height\":150,\"caption\":\"Dragec prijevoz - Velebit - Hrvatska\"},\"image\":{\"@id\":\"https:\/\/www.dragec-prijevoz.hr\/de\/#\/schema\/logo\/image\/\"}}]}<\/script>\n<!-- \/ Yoast SEO Premium plugin. -->","yoast_head_json":{"title":"Nationalpark N\u00f6rdliche Velebit - Dragec prijevoz - Velebit - Transport mit Bus","description":"Dragec sicheren, genauen, komfortablen und zuverl\u00e4ssigen Personenverkehr - Velebit - Nationalpark N\u00f6rdliche Velebit Ausfl\u00fcge - Kroatien","robots":{"index":"index","follow":"follow","max-snippet":"max-snippet:-1","max-image-preview":"max-image-preview:large","max-video-preview":"max-video-preview:-1"},"canonical":"https:\/\/www.dragec-prijevoz.hr\/de\/ausfluge\/nationalpark-nordliche-velebit\/","og_locale":"de_DE","og_type":"article","og_title":"Nationalpark N\u00f6rdliche Velebit","og_description":"Dragec sicheren, genauen, komfortablen und zuverl\u00e4ssigen Personenverkehr - Velebit - Nationalpark N\u00f6rdliche Velebit Ausfl\u00fcge - Kroatien","og_url":"https:\/\/www.dragec-prijevoz.hr\/de\/ausfluge\/nationalpark-nordliche-velebit\/","og_site_name":"Dragec prijevoz - Velebit - Transport mit Bus","article_modified_time":"2022-02-02T09:43:10+00:00","og_image":[{"url":"https:\/\/www.dragec-prijevoz.hr\/de\/wp-content\/uploads\/2022\/01\/logo_sjeverni-velebit-dragec-prijevoz.png"}],"twitter_card":"summary_large_image","twitter_misc":{"Gesch\u00e4tzte Lesezeit":"2 Minuten"},"schema":{"@context":"https:\/\/schema.org","@graph":[{"@type":"WebPage","@id":"https:\/\/www.dragec-prijevoz.hr\/de\/ausfluge\/nationalpark-nordliche-velebit\/","url":"https:\/\/www.dragec-prijevoz.hr\/de\/ausfluge\/nationalpark-nordliche-velebit\/","name":"Nationalpark N\u00f6rdliche Velebit - Dragec prijevoz - Velebit - Transport mit Bus","isPartOf":{"@id":"https:\/\/www.dragec-prijevoz.hr\/de\/#website"},"datePublished":"2022-01-18T17:34:39+00:00","dateModified":"2022-02-02T09:43:10+00:00","description":"Dragec sicheren, genauen, komfortablen und zuverl\u00e4ssigen Personenverkehr - Velebit - Nationalpark N\u00f6rdliche Velebit Ausfl\u00fcge - Kroatien","breadcrumb":{"@id":"https:\/\/www.dragec-prijevoz.hr\/de\/ausfluge\/nationalpark-nordliche-velebit\/#breadcrumb"},"inLanguage":"de-DE","potentialAction":[{"@type":"ReadAction","target":["https:\/\/www.dragec-prijevoz.hr\/de\/ausfluge\/nationalpark-nordliche-velebit\/"]}]},{"@type":"BreadcrumbList","@id":"https:\/\/www.dragec-prijevoz.hr\/de\/ausfluge\/nationalpark-nordliche-velebit\/#breadcrumb","itemListElement":[{"@type":"ListItem","position":1,"name":"Po\u010detna stranica","item":"https:\/\/www.dragec-prijevoz.hr\/de\/"},{"@type":"ListItem","position":2,"name":"Ausfl\u00fcge","item":"https:\/\/www.dragec-prijevoz.hr\/de\/ausfluge\/"},{"@type":"ListItem","position":3,"name":"Nationalpark N\u00f6rdliche Velebit"}]},{"@type":"WebSite","@id":"https:\/\/www.dragec-prijevoz.hr\/de\/#website","url":"https:\/\/www.dragec-prijevoz.hr\/de\/","name":"Dragec prijevoz - Velebit - Transport mit Bus","description":"Transport mit Bus und Van auf Velebit","publisher":{"@id":"https:\/\/www.dragec-prijevoz.hr\/de\/#organization"},"potentialAction":[{"@type":"SearchAction","target":{"@type":"EntryPoint","urlTemplate":"https:\/\/www.dragec-prijevoz.hr\/de\/?s={search_term_string}"},"query-input":"required name=search_term_string"}],"inLanguage":"de-DE"},{"@type":"Organization","@id":"https:\/\/www.dragec-prijevoz.hr\/de\/#organization","name":"Dragec prijevoz - Velebit - Hrvatska","url":"https:\/\/www.dragec-prijevoz.hr\/de\/","logo":{"@type":"ImageObject","inLanguage":"de-DE","@id":"https:\/\/www.dragec-prijevoz.hr\/de\/#\/schema\/logo\/image\/","url":"https:\/\/www.dragec-prijevoz.hr\/de\/wp-content\/uploads\/2022\/01\/dragec-prevoz-velebit.png","contentUrl":"https:\/\/www.dragec-prijevoz.hr\/de\/wp-content\/uploads\/2022\/01\/dragec-prevoz-velebit.png","width":500,"height":150,"caption":"Dragec prijevoz - Velebit - Hrvatska"},"image":{"@id":"https:\/\/www.dragec-prijevoz.hr\/de\/#\/schema\/logo\/image\/"}}]}},"_links":{"self":[{"href":"https:\/\/www.dragec-prijevoz.hr\/de\/wp-json\/wp\/v2\/pages\/390"}],"collection":[{"href":"https:\/\/www.dragec-prijevoz.hr\/de\/wp-json\/wp\/v2\/pages"}],"about":[{"href":"https:\/\/www.dragec-prijevoz.hr\/de\/wp-json\/wp\/v2\/types\/page"}],"author":[{"embeddable":true,"href":"https:\/\/www.dragec-prijevoz.hr\/de\/wp-json\/wp\/v2\/users\/1"}],"replies":[{"embeddable":true,"href":"https:\/\/www.dragec-prijevoz.hr\/de\/wp-json\/wp\/v2\/comments?post=390"}],"version-history":[{"count":40,"href":"https:\/\/www.dragec-prijevoz.hr\/de\/wp-json\/wp\/v2\/pages\/390\/revisions"}],"predecessor-version":[{"id":1325,"href":"https:\/\/www.dragec-prijevoz.hr\/de\/wp-json\/wp\/v2\/pages\/390\/revisions\/1325"}],"up":[{"embeddable":true,"href":"https:\/\/www.dragec-prijevoz.hr\/de\/wp-json\/wp\/v2\/pages\/353"}],"wp:attachment":[{"href":"https:\/\/www.dragec-prijevoz.hr\/de\/wp-json\/wp\/v2\/media?parent=390"}],"curies":[{"name":"wp","href":"https:\/\/api.w.org\/{rel}","templated":true}]}}