{"id":526,"date":"2022-01-20T13:22:07","date_gmt":"2022-01-20T13:22:07","guid":{"rendered":"https:\/\/www.dragec-prijevoz.hr\/de\/en\/?page_id=526"},"modified":"2022-02-02T10:16:46","modified_gmt":"2022-02-02T10:16:46","slug":"naturpark-velebit","status":"publish","type":"page","link":"https:\/\/www.dragec-prijevoz.hr\/de\/ausfluge\/naturpark-velebit\/","title":{"rendered":"Naturpark Velebit"},"content":{"rendered":"\t\t<div data-elementor-type=\"wp-page\" data-elementor-id=\"526\" class=\"elementor elementor-526\" data-elementor-settings=\"[]\">\n\t\t\t\t\t\t\t<div class=\"elementor-section-wrap\">\n\t\t\t\t\t\t\t<section class=\"elementor-section elementor-top-section elementor-element elementor-element-661b1f1a elementor-section-boxed elementor-section-height-default elementor-section-height-default\" data-id=\"661b1f1a\" data-element_type=\"section\">\n\t\t\t\t\t\t<div class=\"elementor-container elementor-column-gap-default\">\n\t\t\t\t\t<div class=\"elementor-column elementor-col-100 elementor-top-column elementor-element elementor-element-6478dd30\" data-id=\"6478dd30\" data-element_type=\"column\">\n\t\t\t<div class=\"elementor-widget-wrap elementor-element-populated\">\n\t\t\t\t\t\t\t\t<div class=\"elementor-element elementor-element-79a1a72d elementor-widget elementor-widget-heading\" data-id=\"79a1a72d\" data-element_type=\"widget\" data-widget_type=\"heading.default\">\n\t\t\t\t<div class=\"elementor-widget-container\">\n\t\t\t<h2 class=\"elementor-heading-title elementor-size-default\">Naturpark Velebit<\/h2>\t\t<\/div>\n\t\t\t\t<\/div>\n\t\t\t\t<section class=\"elementor-section elementor-inner-section elementor-element elementor-element-3d72f735 elementor-section-boxed elementor-section-height-default elementor-section-height-default\" data-id=\"3d72f735\" data-element_type=\"section\">\n\t\t\t\t\t\t<div class=\"elementor-container elementor-column-gap-default\">\n\t\t\t\t\t<div class=\"elementor-column elementor-col-50 elementor-inner-column elementor-element elementor-element-6bbcf2b2\" data-id=\"6bbcf2b2\" data-element_type=\"column\">\n\t\t\t<div class=\"elementor-widget-wrap elementor-element-populated\">\n\t\t\t\t\t\t\t\t<div class=\"elementor-element elementor-element-481bc255 elementor-widget elementor-widget-text-editor\" data-id=\"481bc255\" data-element_type=\"widget\" data-widget_type=\"text-editor.default\">\n\t\t\t\t<div class=\"elementor-widget-container\">\n\t\t\t\t\t\t\t<p><img decoding=\"async\" loading=\"lazy\" class=\"alignleft wp-image-538\" src=\"https:\/\/www.dragec-prijevoz.hr\/de\/wp-content\/uploads\/2022\/01\/pp-velebit-350x340.png\" alt=\"\" width=\"120\" height=\"107\" \/>Velebit Nature Park is the largest protected area and the most important endemic hub of flora and terrestrial fauna in Croatia.<\/p><p>Within the nature park are these protected areas: Zavratnica Bay, Velna\u010dka glavica, Hajdu\u010dki kukovi, Ro\u017eanski kukovi, Cerova\u010dke pe\u0107ine, \u0160tirova\u010da Special Forest Vegetation Reserve and Zavi\u017ean-Balinovac-Velika kosa Botanical Reserve.<\/p>\t\t\t\t\t\t<\/div>\n\t\t\t\t<\/div>\n\t\t\t\t\t<\/div>\n\t\t<\/div>\n\t\t\t\t<div class=\"elementor-column elementor-col-50 elementor-inner-column elementor-element elementor-element-25eeddc7\" data-id=\"25eeddc7\" data-element_type=\"column\">\n\t\t\t<div class=\"elementor-widget-wrap elementor-element-populated\">\n\t\t\t\t\t\t\t\t<div class=\"elementor-element elementor-element-1ea2068f elementor-aspect-ratio-169 elementor-widget elementor-widget-video\" data-id=\"1ea2068f\" data-element_type=\"widget\" data-settings=\"{&quot;youtube_url&quot;:&quot;https:\\\/\\\/www.youtube.com\\\/watch?v=_f_bEbk87zY&quot;,&quot;video_type&quot;:&quot;youtube&quot;,&quot;controls&quot;:&quot;yes&quot;,&quot;aspect_ratio&quot;:&quot;169&quot;}\" data-widget_type=\"video.default\">\n\t\t\t\t<div class=\"elementor-widget-container\">\n\t\t\t\t\t<div class=\"elementor-wrapper elementor-fit-aspect-ratio elementor-open-inline\">\n\t\t\t<div class=\"elementor-video\"><\/div>\t\t<\/div>\n\t\t\t\t<\/div>\n\t\t\t\t<\/div>\n\t\t\t\t\t<\/div>\n\t\t<\/div>\n\t\t\t\t\t\t\t<\/div>\n\t\t<\/section>\n\t\t\t\t<section class=\"elementor-section elementor-inner-section elementor-element elementor-element-2eab3203 elementor-section-boxed elementor-section-height-default elementor-section-height-default\" data-id=\"2eab3203\" data-element_type=\"section\">\n\t\t\t\t\t\t<div class=\"elementor-container elementor-column-gap-default\">\n\t\t\t\t\t<div class=\"elementor-column elementor-col-100 elementor-inner-column elementor-element elementor-element-489e744c\" data-id=\"489e744c\" data-element_type=\"column\">\n\t\t\t<div class=\"elementor-widget-wrap elementor-element-populated\">\n\t\t\t\t\t\t\t\t<div class=\"elementor-element elementor-element-4687a0bb elementor-align-justify elementor-widget elementor-widget-button\" data-id=\"4687a0bb\" data-element_type=\"widget\" data-widget_type=\"button.default\">\n\t\t\t\t<div class=\"elementor-widget-container\">\n\t\t\t\t\t<div class=\"elementor-button-wrapper\">\n\t\t\t<a href=\"#kontakt\" class=\"elementor-button-link elementor-button elementor-size-sm\" role=\"button\">\n\t\t\t\t\t\t<span class=\"elementor-button-content-wrapper\">\n\t\t\t\t\t\t<span class=\"elementor-button-text\">Kontaktiere uns<\/span>\n\t\t<\/span>\n\t\t\t\t\t<\/a>\n\t\t<\/div>\n\t\t\t\t<\/div>\n\t\t\t\t<\/div>\n\t\t\t\t\t<\/div>\n\t\t<\/div>\n\t\t\t\t\t\t\t<\/div>\n\t\t<\/section>\n\t\t\t\t\t<\/div>\n\t\t<\/div>\n\t\t\t\t\t\t\t<\/div>\n\t\t<\/section>\n\t\t\t\t<section class=\"elementor-section elementor-top-section elementor-element elementor-element-a1da910 elementor-section-full_width elementor-section-height-default elementor-section-height-default\" data-id=\"a1da910\" data-element_type=\"section\">\n\t\t\t\t\t\t<div class=\"elementor-container elementor-column-gap-no\">\n\t\t\t\t\t<div class=\"elementor-column elementor-col-100 elementor-top-column elementor-element elementor-element-268bde5f\" data-id=\"268bde5f\" data-element_type=\"column\">\n\t\t\t<div class=\"elementor-widget-wrap elementor-element-populated\">\n\t\t\t\t\t\t\t\t<div class=\"elementor-element elementor-element-6e5c96af elementor-widget elementor-widget-gallery\" data-id=\"6e5c96af\" data-element_type=\"widget\" data-settings=\"{&quot;gap&quot;:{&quot;unit&quot;:&quot;px&quot;,&quot;size&quot;:16,&quot;sizes&quot;:[]},&quot;lazyload&quot;:&quot;yes&quot;,&quot;gallery_layout&quot;:&quot;grid&quot;,&quot;columns&quot;:4,&quot;columns_tablet&quot;:2,&quot;columns_mobile&quot;:1,&quot;gap_tablet&quot;:{&quot;unit&quot;:&quot;px&quot;,&quot;size&quot;:10,&quot;sizes&quot;:[]},&quot;gap_mobile&quot;:{&quot;unit&quot;:&quot;px&quot;,&quot;size&quot;:10,&quot;sizes&quot;:[]},&quot;link_to&quot;:&quot;file&quot;,&quot;aspect_ratio&quot;:&quot;3:2&quot;,&quot;overlay_background&quot;:&quot;yes&quot;,&quot;content_hover_animation&quot;:&quot;fade-in&quot;}\" data-widget_type=\"gallery.default\">\n\t\t\t\t<div class=\"elementor-widget-container\">\n\t\t\t\t\t<div class=\"elementor-gallery__container\">\n\t\t\t\t\t\t\t<a class=\"e-gallery-item elementor-gallery-item elementor-animated-content\" href=\"https:\/\/www.dragec-prijevoz.hr\/de\/wp-content\/uploads\/2022\/01\/DSC_6006.jpg\" data-elementor-open-lightbox=\"yes\" data-elementor-lightbox-slideshow=\"all-6e5c96af\" data-elementor-lightbox-title=\"DSC_6006\">\n\t\t\t\t\t<div class=\"e-gallery-image elementor-gallery-item__image\" data-thumbnail=\"https:\/\/www.dragec-prijevoz.hr\/de\/wp-content\/uploads\/2022\/01\/DSC_6006-600x300.jpg\" data-width=\"600\" data-height=\"300\" alt=\"\" ><\/div>\n\t\t\t\t\t\t\t\t\t\t\t<div class=\"elementor-gallery-item__overlay\"><\/div>\n\t\t\t\t\t\t\t\t\t\t\t\t\t\t<\/a>\n\t\t\t\t\t\t\t<a class=\"e-gallery-item elementor-gallery-item elementor-animated-content\" href=\"https:\/\/www.dragec-prijevoz.hr\/de\/wp-content\/uploads\/2022\/01\/DSC_8658.jpg\" data-elementor-open-lightbox=\"yes\" data-elementor-lightbox-slideshow=\"all-6e5c96af\" data-elementor-lightbox-title=\"DSC_8658\">\n\t\t\t\t\t<div class=\"e-gallery-image elementor-gallery-item__image\" data-thumbnail=\"https:\/\/www.dragec-prijevoz.hr\/de\/wp-content\/uploads\/2022\/01\/DSC_8658-600x300.jpg\" data-width=\"600\" data-height=\"300\" alt=\"\" ><\/div>\n\t\t\t\t\t\t\t\t\t\t\t<div class=\"elementor-gallery-item__overlay\"><\/div>\n\t\t\t\t\t\t\t\t\t\t\t\t\t\t<\/a>\n\t\t\t\t\t\t\t<a class=\"e-gallery-item elementor-gallery-item elementor-animated-content\" href=\"https:\/\/www.dragec-prijevoz.hr\/de\/wp-content\/uploads\/2022\/01\/DSC_9563.jpg\" data-elementor-open-lightbox=\"yes\" data-elementor-lightbox-slideshow=\"all-6e5c96af\" data-elementor-lightbox-title=\"DSC_9563\">\n\t\t\t\t\t<div class=\"e-gallery-image elementor-gallery-item__image\" data-thumbnail=\"https:\/\/www.dragec-prijevoz.hr\/de\/wp-content\/uploads\/2022\/01\/DSC_9563-600x300.jpg\" data-width=\"600\" data-height=\"300\" alt=\"\" ><\/div>\n\t\t\t\t\t\t\t\t\t\t\t<div class=\"elementor-gallery-item__overlay\"><\/div>\n\t\t\t\t\t\t\t\t\t\t\t\t\t\t<\/a>\n\t\t\t\t\t\t\t<a class=\"e-gallery-item elementor-gallery-item elementor-animated-content\" href=\"https:\/\/www.dragec-prijevoz.hr\/de\/wp-content\/uploads\/2022\/01\/DSC_9876.jpg\" data-elementor-open-lightbox=\"yes\" data-elementor-lightbox-slideshow=\"all-6e5c96af\" data-elementor-lightbox-title=\"DSC_9876\">\n\t\t\t\t\t<div class=\"e-gallery-image elementor-gallery-item__image\" data-thumbnail=\"https:\/\/www.dragec-prijevoz.hr\/de\/wp-content\/uploads\/2022\/01\/DSC_9876-600x300.jpg\" data-width=\"600\" data-height=\"300\" alt=\"\" ><\/div>\n\t\t\t\t\t\t\t\t\t\t\t<div class=\"elementor-gallery-item__overlay\"><\/div>\n\t\t\t\t\t\t\t\t\t\t\t\t\t\t<\/a>\n\t\t\t\t\t\t\t<a class=\"e-gallery-item elementor-gallery-item elementor-animated-content\" href=\"https:\/\/www.dragec-prijevoz.hr\/de\/wp-content\/uploads\/2022\/01\/DSC_91601.jpg\" data-elementor-open-lightbox=\"yes\" data-elementor-lightbox-slideshow=\"all-6e5c96af\" data-elementor-lightbox-title=\"DSC_91601\">\n\t\t\t\t\t<div class=\"e-gallery-image elementor-gallery-item__image\" data-thumbnail=\"https:\/\/www.dragec-prijevoz.hr\/de\/wp-content\/uploads\/2022\/01\/DSC_91601-600x300.jpg\" data-width=\"600\" data-height=\"300\" alt=\"\" ><\/div>\n\t\t\t\t\t\t\t\t\t\t\t<div class=\"elementor-gallery-item__overlay\"><\/div>\n\t\t\t\t\t\t\t\t\t\t\t\t\t\t<\/a>\n\t\t\t\t\t\t\t<a class=\"e-gallery-item elementor-gallery-item elementor-animated-content\" href=\"https:\/\/www.dragec-prijevoz.hr\/de\/wp-content\/uploads\/2022\/01\/IMG_20160608_090955.jpg\" data-elementor-open-lightbox=\"yes\" data-elementor-lightbox-slideshow=\"all-6e5c96af\" data-elementor-lightbox-title=\"IMG_20160608_090955\">\n\t\t\t\t\t<div class=\"e-gallery-image elementor-gallery-item__image\" data-thumbnail=\"https:\/\/www.dragec-prijevoz.hr\/de\/wp-content\/uploads\/2022\/01\/IMG_20160608_090955-600x300.jpg\" data-width=\"600\" data-height=\"300\" alt=\"\" ><\/div>\n\t\t\t\t\t\t\t\t\t\t\t<div class=\"elementor-gallery-item__overlay\"><\/div>\n\t\t\t\t\t\t\t\t\t\t\t\t\t\t<\/a>\n\t\t\t\t\t\t\t<a class=\"e-gallery-item elementor-gallery-item elementor-animated-content\" href=\"https:\/\/www.dragec-prijevoz.hr\/de\/wp-content\/uploads\/2022\/01\/IMG_20190507_070649.jpg\" data-elementor-open-lightbox=\"yes\" data-elementor-lightbox-slideshow=\"all-6e5c96af\" data-elementor-lightbox-title=\"dav\">\n\t\t\t\t\t<div class=\"e-gallery-image elementor-gallery-item__image\" data-thumbnail=\"https:\/\/www.dragec-prijevoz.hr\/de\/wp-content\/uploads\/2022\/01\/IMG_20190507_070649-600x300.jpg\" data-width=\"600\" data-height=\"300\" alt=\"\" ><\/div>\n\t\t\t\t\t\t\t\t\t\t\t<div class=\"elementor-gallery-item__overlay\"><\/div>\n\t\t\t\t\t\t\t\t\t\t\t\t\t\t<\/a>\n\t\t\t\t\t\t\t<a class=\"e-gallery-item elementor-gallery-item elementor-animated-content\" href=\"https:\/\/www.dragec-prijevoz.hr\/de\/wp-content\/uploads\/2022\/01\/IMG_20190804_162728.jpg\" data-elementor-open-lightbox=\"yes\" data-elementor-lightbox-slideshow=\"all-6e5c96af\" data-elementor-lightbox-title=\"IMG_20190804_162728\">\n\t\t\t\t\t<div class=\"e-gallery-image elementor-gallery-item__image\" data-thumbnail=\"https:\/\/www.dragec-prijevoz.hr\/de\/wp-content\/uploads\/2022\/01\/IMG_20190804_162728-600x300.jpg\" data-width=\"600\" data-height=\"300\" alt=\"\" ><\/div>\n\t\t\t\t\t\t\t\t\t\t\t<div class=\"elementor-gallery-item__overlay\"><\/div>\n\t\t\t\t\t\t\t\t\t\t\t\t\t\t<\/a>\n\t\t\t\t\t<\/div>\n\t\t\t<\/div>\n\t\t\t\t<\/div>\n\t\t\t\t\t<\/div>\n\t\t<\/div>\n\t\t\t\t\t\t\t<\/div>\n\t\t<\/section>\n\t\t\t\t\t\t<\/div>\n\t\t\t\t\t<\/div>\n\t\t","protected":false},"excerpt":{"rendered":"<p>Naturpark Velebit Velebit Nature Park is the largest protected area and the most important endemic hub of flora and terrestrial fauna in Croatia. Within the nature park are these protected areas: Zavratnica Bay, Velna\u010dka glavica, Hajdu\u010dki kukovi, Ro\u017eanski kukovi, Cerova\u010dke pe\u0107ine, \u0160tirova\u010da Special Forest Vegetation Reserve and Zavi\u017ean-Balinovac-Velika kosa Botanical Reserve. https:\/\/www.youtube.com\/watch?v=_f_bEbk87zY Kontaktiere uns<\/p>\n","protected":false},"author":1,"featured_media":0,"parent":353,"menu_order":0,"comment_status":"closed","ping_status":"closed","template":"","meta":[],"yoast_head":"<!-- This site is optimized with the Yoast SEO Premium plugin v17.8 (Yoast SEO v20.8) - https:\/\/yoast.com\/wordpress\/plugins\/seo\/ -->\n<title>Naturpark Velebit - Dragec prijevoz - Velebit - Transport mit Bus<\/title>\n<meta name=\"description\" content=\"Dragec Personenverkehr - Velebit - Kroatien - Velebit Nature Park is the largest protected nature area in Croatia.\" \/>\n<meta name=\"robots\" content=\"index, follow, max-snippet:-1, max-image-preview:large, max-video-preview:-1\" \/>\n<link rel=\"canonical\" href=\"https:\/\/www.dragec-prijevoz.hr\/de\/ausfluge\/naturpark-velebit\/\" \/>\n<meta property=\"og:locale\" content=\"de_DE\" \/>\n<meta property=\"og:type\" content=\"article\" \/>\n<meta property=\"og:title\" content=\"Naturpark Velebit\" \/>\n<meta property=\"og:description\" content=\"Dragec Personenverkehr - Velebit - Kroatien - Velebit Nature Park is the largest protected nature area in Croatia.\" \/>\n<meta property=\"og:url\" content=\"https:\/\/www.dragec-prijevoz.hr\/de\/ausfluge\/naturpark-velebit\/\" \/>\n<meta property=\"og:site_name\" content=\"Dragec prijevoz - Velebit - Transport mit Bus\" \/>\n<meta property=\"article:modified_time\" content=\"2022-02-02T10:16:46+00:00\" \/>\n<meta property=\"og:image\" content=\"https:\/\/www.dragec-prijevoz.hr\/de\/wp-content\/uploads\/2022\/01\/pp-velebit-350x340.png\" \/>\n<meta name=\"twitter:card\" content=\"summary_large_image\" \/>\n<meta name=\"twitter:label1\" content=\"Gesch\u00e4tzte Lesezeit\" \/>\n\t<meta name=\"twitter:data1\" content=\"1 Minute\" \/>\n<script type=\"application\/ld+json\" class=\"yoast-schema-graph\">{\"@context\":\"https:\/\/schema.org\",\"@graph\":[{\"@type\":\"WebPage\",\"@id\":\"https:\/\/www.dragec-prijevoz.hr\/de\/ausfluge\/naturpark-velebit\/\",\"url\":\"https:\/\/www.dragec-prijevoz.hr\/de\/ausfluge\/naturpark-velebit\/\",\"name\":\"Naturpark Velebit - Dragec prijevoz - Velebit - Transport mit Bus\",\"isPartOf\":{\"@id\":\"https:\/\/www.dragec-prijevoz.hr\/de\/#website\"},\"datePublished\":\"2022-01-20T13:22:07+00:00\",\"dateModified\":\"2022-02-02T10:16:46+00:00\",\"description\":\"Dragec Personenverkehr - Velebit - Kroatien - Velebit Nature Park is the largest protected nature area in Croatia.\",\"breadcrumb\":{\"@id\":\"https:\/\/www.dragec-prijevoz.hr\/de\/ausfluge\/naturpark-velebit\/#breadcrumb\"},\"inLanguage\":\"de-DE\",\"potentialAction\":[{\"@type\":\"ReadAction\",\"target\":[\"https:\/\/www.dragec-prijevoz.hr\/de\/ausfluge\/naturpark-velebit\/\"]}]},{\"@type\":\"BreadcrumbList\",\"@id\":\"https:\/\/www.dragec-prijevoz.hr\/de\/ausfluge\/naturpark-velebit\/#breadcrumb\",\"itemListElement\":[{\"@type\":\"ListItem\",\"position\":1,\"name\":\"Po\u010detna stranica\",\"item\":\"https:\/\/www.dragec-prijevoz.hr\/de\/\"},{\"@type\":\"ListItem\",\"position\":2,\"name\":\"Ausfl\u00fcge\",\"item\":\"https:\/\/www.dragec-prijevoz.hr\/de\/ausfluge\/\"},{\"@type\":\"ListItem\",\"position\":3,\"name\":\"Naturpark Velebit\"}]},{\"@type\":\"WebSite\",\"@id\":\"https:\/\/www.dragec-prijevoz.hr\/de\/#website\",\"url\":\"https:\/\/www.dragec-prijevoz.hr\/de\/\",\"name\":\"Dragec prijevoz - Velebit - Transport mit Bus\",\"description\":\"Transport mit Bus und Van auf Velebit\",\"publisher\":{\"@id\":\"https:\/\/www.dragec-prijevoz.hr\/de\/#organization\"},\"potentialAction\":[{\"@type\":\"SearchAction\",\"target\":{\"@type\":\"EntryPoint\",\"urlTemplate\":\"https:\/\/www.dragec-prijevoz.hr\/de\/?s={search_term_string}\"},\"query-input\":\"required name=search_term_string\"}],\"inLanguage\":\"de-DE\"},{\"@type\":\"Organization\",\"@id\":\"https:\/\/www.dragec-prijevoz.hr\/de\/#organization\",\"name\":\"Dragec prijevoz - Velebit - Hrvatska\",\"url\":\"https:\/\/www.dragec-prijevoz.hr\/de\/\",\"logo\":{\"@type\":\"ImageObject\",\"inLanguage\":\"de-DE\",\"@id\":\"https:\/\/www.dragec-prijevoz.hr\/de\/#\/schema\/logo\/image\/\",\"url\":\"https:\/\/www.dragec-prijevoz.hr\/de\/wp-content\/uploads\/2022\/01\/dragec-prevoz-velebit.png\",\"contentUrl\":\"https:\/\/www.dragec-prijevoz.hr\/de\/wp-content\/uploads\/2022\/01\/dragec-prevoz-velebit.png\",\"width\":500,\"height\":150,\"caption\":\"Dragec prijevoz - Velebit - Hrvatska\"},\"image\":{\"@id\":\"https:\/\/www.dragec-prijevoz.hr\/de\/#\/schema\/logo\/image\/\"}}]}<\/script>\n<!-- \/ Yoast SEO Premium plugin. -->","yoast_head_json":{"title":"Naturpark Velebit - Dragec prijevoz - Velebit - Transport mit Bus","description":"Dragec Personenverkehr - Velebit - Kroatien - Velebit Nature Park is the largest protected nature area in Croatia.","robots":{"index":"index","follow":"follow","max-snippet":"max-snippet:-1","max-image-preview":"max-image-preview:large","max-video-preview":"max-video-preview:-1"},"canonical":"https:\/\/www.dragec-prijevoz.hr\/de\/ausfluge\/naturpark-velebit\/","og_locale":"de_DE","og_type":"article","og_title":"Naturpark Velebit","og_description":"Dragec Personenverkehr - Velebit - Kroatien - Velebit Nature Park is the largest protected nature area in Croatia.","og_url":"https:\/\/www.dragec-prijevoz.hr\/de\/ausfluge\/naturpark-velebit\/","og_site_name":"Dragec prijevoz - Velebit - Transport mit Bus","article_modified_time":"2022-02-02T10:16:46+00:00","og_image":[{"url":"https:\/\/www.dragec-prijevoz.hr\/de\/wp-content\/uploads\/2022\/01\/pp-velebit-350x340.png"}],"twitter_card":"summary_large_image","twitter_misc":{"Gesch\u00e4tzte Lesezeit":"1 Minute"},"schema":{"@context":"https:\/\/schema.org","@graph":[{"@type":"WebPage","@id":"https:\/\/www.dragec-prijevoz.hr\/de\/ausfluge\/naturpark-velebit\/","url":"https:\/\/www.dragec-prijevoz.hr\/de\/ausfluge\/naturpark-velebit\/","name":"Naturpark Velebit - Dragec prijevoz - Velebit - Transport mit Bus","isPartOf":{"@id":"https:\/\/www.dragec-prijevoz.hr\/de\/#website"},"datePublished":"2022-01-20T13:22:07+00:00","dateModified":"2022-02-02T10:16:46+00:00","description":"Dragec Personenverkehr - Velebit - Kroatien - Velebit Nature Park is the largest protected nature area in Croatia.","breadcrumb":{"@id":"https:\/\/www.dragec-prijevoz.hr\/de\/ausfluge\/naturpark-velebit\/#breadcrumb"},"inLanguage":"de-DE","potentialAction":[{"@type":"ReadAction","target":["https:\/\/www.dragec-prijevoz.hr\/de\/ausfluge\/naturpark-velebit\/"]}]},{"@type":"BreadcrumbList","@id":"https:\/\/www.dragec-prijevoz.hr\/de\/ausfluge\/naturpark-velebit\/#breadcrumb","itemListElement":[{"@type":"ListItem","position":1,"name":"Po\u010detna stranica","item":"https:\/\/www.dragec-prijevoz.hr\/de\/"},{"@type":"ListItem","position":2,"name":"Ausfl\u00fcge","item":"https:\/\/www.dragec-prijevoz.hr\/de\/ausfluge\/"},{"@type":"ListItem","position":3,"name":"Naturpark Velebit"}]},{"@type":"WebSite","@id":"https:\/\/www.dragec-prijevoz.hr\/de\/#website","url":"https:\/\/www.dragec-prijevoz.hr\/de\/","name":"Dragec prijevoz - Velebit - Transport mit Bus","description":"Transport mit Bus und Van auf Velebit","publisher":{"@id":"https:\/\/www.dragec-prijevoz.hr\/de\/#organization"},"potentialAction":[{"@type":"SearchAction","target":{"@type":"EntryPoint","urlTemplate":"https:\/\/www.dragec-prijevoz.hr\/de\/?s={search_term_string}"},"query-input":"required name=search_term_string"}],"inLanguage":"de-DE"},{"@type":"Organization","@id":"https:\/\/www.dragec-prijevoz.hr\/de\/#organization","name":"Dragec prijevoz - Velebit - Hrvatska","url":"https:\/\/www.dragec-prijevoz.hr\/de\/","logo":{"@type":"ImageObject","inLanguage":"de-DE","@id":"https:\/\/www.dragec-prijevoz.hr\/de\/#\/schema\/logo\/image\/","url":"https:\/\/www.dragec-prijevoz.hr\/de\/wp-content\/uploads\/2022\/01\/dragec-prevoz-velebit.png","contentUrl":"https:\/\/www.dragec-prijevoz.hr\/de\/wp-content\/uploads\/2022\/01\/dragec-prevoz-velebit.png","width":500,"height":150,"caption":"Dragec prijevoz - Velebit - Hrvatska"},"image":{"@id":"https:\/\/www.dragec-prijevoz.hr\/de\/#\/schema\/logo\/image\/"}}]}},"_links":{"self":[{"href":"https:\/\/www.dragec-prijevoz.hr\/de\/wp-json\/wp\/v2\/pages\/526"}],"collection":[{"href":"https:\/\/www.dragec-prijevoz.hr\/de\/wp-json\/wp\/v2\/pages"}],"about":[{"href":"https:\/\/www.dragec-prijevoz.hr\/de\/wp-json\/wp\/v2\/types\/page"}],"author":[{"embeddable":true,"href":"https:\/\/www.dragec-prijevoz.hr\/de\/wp-json\/wp\/v2\/users\/1"}],"replies":[{"embeddable":true,"href":"https:\/\/www.dragec-prijevoz.hr\/de\/wp-json\/wp\/v2\/comments?post=526"}],"version-history":[{"count":32,"href":"https:\/\/www.dragec-prijevoz.hr\/de\/wp-json\/wp\/v2\/pages\/526\/revisions"}],"predecessor-version":[{"id":1335,"href":"https:\/\/www.dragec-prijevoz.hr\/de\/wp-json\/wp\/v2\/pages\/526\/revisions\/1335"}],"up":[{"embeddable":true,"href":"https:\/\/www.dragec-prijevoz.hr\/de\/wp-json\/wp\/v2\/pages\/353"}],"wp:attachment":[{"href":"https:\/\/www.dragec-prijevoz.hr\/de\/wp-json\/wp\/v2\/media?parent=526"}],"curies":[{"name":"wp","href":"https:\/\/api.w.org\/{rel}","templated":true}]}}