{"id":566,"date":"2022-01-20T18:05:09","date_gmt":"2022-01-20T18:05:09","guid":{"rendered":"https:\/\/www.dragec-prijevoz.hr\/de\/en\/?page_id=566"},"modified":"2022-02-02T12:12:53","modified_gmt":"2022-02-02T12:12:53","slug":"gebirgssiedlungen-krasno","status":"publish","type":"page","link":"https:\/\/www.dragec-prijevoz.hr\/de\/ausfluge\/gebirgssiedlungen-krasno\/","title":{"rendered":"Krasno"},"content":{"rendered":"\t\t<div data-elementor-type=\"wp-page\" data-elementor-id=\"566\" class=\"elementor elementor-566\" data-elementor-settings=\"[]\">\n\t\t\t\t\t\t\t<div class=\"elementor-section-wrap\">\n\t\t\t\t\t\t\t<section class=\"elementor-section elementor-top-section elementor-element elementor-element-683f0124 elementor-section-boxed elementor-section-height-default elementor-section-height-default\" data-id=\"683f0124\" data-element_type=\"section\">\n\t\t\t\t\t\t<div class=\"elementor-container elementor-column-gap-default\">\n\t\t\t\t\t<div class=\"elementor-column elementor-col-100 elementor-top-column elementor-element elementor-element-1d57dbf\" data-id=\"1d57dbf\" data-element_type=\"column\">\n\t\t\t<div class=\"elementor-widget-wrap elementor-element-populated\">\n\t\t\t\t\t\t\t\t<div class=\"elementor-element elementor-element-ca2d2c9 elementor-widget elementor-widget-heading\" data-id=\"ca2d2c9\" data-element_type=\"widget\" data-widget_type=\"heading.default\">\n\t\t\t\t<div class=\"elementor-widget-container\">\n\t\t\t<h2 class=\"elementor-heading-title elementor-size-default\">Gebirgssiedlungen Krasno<\/h2>\t\t<\/div>\n\t\t\t\t<\/div>\n\t\t\t\t<section class=\"elementor-section elementor-inner-section elementor-element elementor-element-67962d99 elementor-section-boxed elementor-section-height-default elementor-section-height-default\" data-id=\"67962d99\" data-element_type=\"section\">\n\t\t\t\t\t\t<div class=\"elementor-container elementor-column-gap-default\">\n\t\t\t\t\t<div class=\"elementor-column elementor-col-50 elementor-inner-column elementor-element elementor-element-56242b07\" data-id=\"56242b07\" data-element_type=\"column\">\n\t\t\t<div class=\"elementor-widget-wrap elementor-element-populated\">\n\t\t\t\t\t\t\t\t<div class=\"elementor-element elementor-element-261b6f47 elementor-widget elementor-widget-text-editor\" data-id=\"261b6f47\" data-element_type=\"widget\" data-widget_type=\"text-editor.default\">\n\t\t\t\t<div class=\"elementor-widget-container\">\n\t\t\t\t\t\t\t<p>Krasno z\u00e4hlt zu den gr\u00f6\u00dften Gebirgssiedlungen in Kroatien und liegt an den n\u00f6rdlichen H\u00e4ngen des Velebit-Gebirges, in einer H\u00f6he von etwa 800 m \u00fcber dem Meeresspiegel, innerhalb der Grenzen des Naturparks Velebit. Das Dorf besteht aus vierzehn kleineren Ortschaften, die im malerischen Tal von Krasno (Krasnarska dolina), das von allen Seiten von hohen und bewaldeten Felsh\u00e4ngen und Gipfeln umgeben ist, verstreut sind.<\/p><p>Die geographische Lage und das Gebirgsklima haben die langsame Entwicklung dieses Gebietes bedingt und die wirtschaftlichen T\u00e4tigkeiten beschr\u00e4nkt, denen die Einwohner nachgehen k\u00f6nnen. Aus diesem Grund befassen sich die Einwohner dieses Gebietes vorwiegend mit der Viehzucht, der Milch- und Forstwirtschaft, der Holzverarbeitung, dem Anbau von Getreide und Kartoffeln, und in letzter Zeit auch mit dem Tourismus.<\/p>\t\t\t\t\t\t<\/div>\n\t\t\t\t<\/div>\n\t\t\t\t\t<\/div>\n\t\t<\/div>\n\t\t\t\t<div class=\"elementor-column elementor-col-50 elementor-inner-column elementor-element elementor-element-57654a95\" data-id=\"57654a95\" data-element_type=\"column\">\n\t\t\t<div class=\"elementor-widget-wrap elementor-element-populated\">\n\t\t\t\t\t\t\t\t<div class=\"elementor-element elementor-element-76e6975 elementor-aspect-ratio-169 elementor-widget elementor-widget-video\" data-id=\"76e6975\" data-element_type=\"widget\" data-settings=\"{&quot;youtube_url&quot;:&quot;https:\\\/\\\/youtu.be\\\/4GxwlqlBH5Y&quot;,&quot;video_type&quot;:&quot;youtube&quot;,&quot;controls&quot;:&quot;yes&quot;,&quot;aspect_ratio&quot;:&quot;169&quot;}\" data-widget_type=\"video.default\">\n\t\t\t\t<div class=\"elementor-widget-container\">\n\t\t\t\t\t<div class=\"elementor-wrapper elementor-fit-aspect-ratio elementor-open-inline\">\n\t\t\t<div class=\"elementor-video\"><\/div>\t\t<\/div>\n\t\t\t\t<\/div>\n\t\t\t\t<\/div>\n\t\t\t\t\t<\/div>\n\t\t<\/div>\n\t\t\t\t\t\t\t<\/div>\n\t\t<\/section>\n\t\t\t\t<section class=\"elementor-section elementor-inner-section elementor-element elementor-element-37f4647 elementor-section-boxed elementor-section-height-default elementor-section-height-default\" data-id=\"37f4647\" data-element_type=\"section\">\n\t\t\t\t\t\t<div class=\"elementor-container elementor-column-gap-default\">\n\t\t\t\t\t<div class=\"elementor-column elementor-col-50 elementor-inner-column elementor-element elementor-element-5315b6d\" data-id=\"5315b6d\" data-element_type=\"column\">\n\t\t\t<div class=\"elementor-widget-wrap elementor-element-populated\">\n\t\t\t\t\t\t\t\t<div class=\"elementor-element elementor-element-938fa12 elementor-aspect-ratio-169 elementor-widget elementor-widget-video\" data-id=\"938fa12\" data-element_type=\"widget\" data-settings=\"{&quot;youtube_url&quot;:&quot;https:\\\/\\\/www.youtube.com\\\/watch?v=lZtI7tNRfc0&quot;,&quot;video_type&quot;:&quot;youtube&quot;,&quot;controls&quot;:&quot;yes&quot;,&quot;aspect_ratio&quot;:&quot;169&quot;}\" data-widget_type=\"video.default\">\n\t\t\t\t<div class=\"elementor-widget-container\">\n\t\t\t\t\t<div class=\"elementor-wrapper elementor-fit-aspect-ratio elementor-open-inline\">\n\t\t\t<div class=\"elementor-video\"><\/div>\t\t<\/div>\n\t\t\t\t<\/div>\n\t\t\t\t<\/div>\n\t\t\t\t\t<\/div>\n\t\t<\/div>\n\t\t\t\t<div class=\"elementor-column elementor-col-50 elementor-inner-column elementor-element elementor-element-68b3aaa\" data-id=\"68b3aaa\" data-element_type=\"column\">\n\t\t\t<div class=\"elementor-widget-wrap elementor-element-populated\">\n\t\t\t\t\t\t\t\t<div class=\"elementor-element elementor-element-5360381 elementor-widget elementor-widget-text-editor\" data-id=\"5360381\" data-element_type=\"widget\" data-widget_type=\"text-editor.default\">\n\t\t\t\t<div class=\"elementor-widget-container\">\n\t\t\t\t\t\t\t<p>Angesichts der reichen W\u00e4lder sind die Forstwirtschaft und die Holzverarbeitung der traditionelle Wirtschaftszweig dieses Gebietes.<\/p><p>So befindet sich in Krasno befindet der \u00e4lteste Mit der Er\u00f6ffnung des &#8222;Forstmuseums&#8220;, des einzigen Museums dieser Art in Kroatien, und neuerdings des &#8222;Forsthauses&#8220; hat der Forstbetrieb in Krasno seine T\u00e4tigkeit auch auf das Gebiet des Tourismus erweitert.<\/p><p>Oberhalb des Dorfes liegt der bekannte Wallfahrtsort der Mutter Gottes von Krasno, der aus dem XVIII. Jahrhundert stammt. Den gr\u00f6\u00dften k\u00fcnstlerischen Wert in der Kirche stellt eine alte Kassettendecke mit Szenen aus dem Leben von Jesus Christus, Maria und der Heiligen sowie mit lateinischen Zitaten aus dem Jahr 1740 dar. Viele Gl\u00e4ubige aus ganz Kroatien pilgern jedes Jahr am 15. August, an Mari\u00e4 Himmelfahrt, hierher.<\/p>\t\t\t\t\t\t<\/div>\n\t\t\t\t<\/div>\n\t\t\t\t\t<\/div>\n\t\t<\/div>\n\t\t\t\t\t\t\t<\/div>\n\t\t<\/section>\n\t\t\t\t<section class=\"elementor-section elementor-inner-section elementor-element elementor-element-2f00ef63 elementor-section-boxed elementor-section-height-default elementor-section-height-default\" data-id=\"2f00ef63\" data-element_type=\"section\">\n\t\t\t\t\t\t<div class=\"elementor-container elementor-column-gap-default\">\n\t\t\t\t\t<div class=\"elementor-column elementor-col-100 elementor-inner-column elementor-element elementor-element-6b301e0a\" data-id=\"6b301e0a\" data-element_type=\"column\">\n\t\t\t<div class=\"elementor-widget-wrap elementor-element-populated\">\n\t\t\t\t\t\t\t\t<div class=\"elementor-element elementor-element-27787d6 elementor-align-justify elementor-widget elementor-widget-button\" data-id=\"27787d6\" data-element_type=\"widget\" data-widget_type=\"button.default\">\n\t\t\t\t<div class=\"elementor-widget-container\">\n\t\t\t\t\t<div class=\"elementor-button-wrapper\">\n\t\t\t<a href=\"#kontakt\" class=\"elementor-button-link elementor-button elementor-size-sm\" role=\"button\">\n\t\t\t\t\t\t<span class=\"elementor-button-content-wrapper\">\n\t\t\t\t\t\t<span class=\"elementor-button-text\">Kontaktiere uns<\/span>\n\t\t<\/span>\n\t\t\t\t\t<\/a>\n\t\t<\/div>\n\t\t\t\t<\/div>\n\t\t\t\t<\/div>\n\t\t\t\t\t<\/div>\n\t\t<\/div>\n\t\t\t\t\t\t\t<\/div>\n\t\t<\/section>\n\t\t\t\t\t<\/div>\n\t\t<\/div>\n\t\t\t\t\t\t\t<\/div>\n\t\t<\/section>\n\t\t\t\t<section class=\"elementor-section elementor-top-section elementor-element elementor-element-5d843c36 elementor-section-full_width elementor-section-height-default elementor-section-height-default\" data-id=\"5d843c36\" data-element_type=\"section\">\n\t\t\t\t\t\t<div class=\"elementor-container elementor-column-gap-no\">\n\t\t\t\t\t<div class=\"elementor-column elementor-col-100 elementor-top-column elementor-element elementor-element-377cb60b\" data-id=\"377cb60b\" data-element_type=\"column\">\n\t\t\t<div class=\"elementor-widget-wrap elementor-element-populated\">\n\t\t\t\t\t\t\t\t<div class=\"elementor-element elementor-element-699de2c6 elementor-widget elementor-widget-gallery\" data-id=\"699de2c6\" data-element_type=\"widget\" data-settings=\"{&quot;gap&quot;:{&quot;unit&quot;:&quot;px&quot;,&quot;size&quot;:16,&quot;sizes&quot;:[]},&quot;lazyload&quot;:&quot;yes&quot;,&quot;gallery_layout&quot;:&quot;grid&quot;,&quot;columns&quot;:4,&quot;columns_tablet&quot;:2,&quot;columns_mobile&quot;:1,&quot;gap_tablet&quot;:{&quot;unit&quot;:&quot;px&quot;,&quot;size&quot;:10,&quot;sizes&quot;:[]},&quot;gap_mobile&quot;:{&quot;unit&quot;:&quot;px&quot;,&quot;size&quot;:10,&quot;sizes&quot;:[]},&quot;link_to&quot;:&quot;file&quot;,&quot;aspect_ratio&quot;:&quot;3:2&quot;,&quot;overlay_background&quot;:&quot;yes&quot;,&quot;content_hover_animation&quot;:&quot;fade-in&quot;}\" data-widget_type=\"gallery.default\">\n\t\t\t\t<div class=\"elementor-widget-container\">\n\t\t\t\t\t<div class=\"elementor-gallery__container\">\n\t\t\t\t\t\t\t<a class=\"e-gallery-item elementor-gallery-item elementor-animated-content\" href=\"https:\/\/www.dragec-prijevoz.hr\/de\/wp-content\/uploads\/2022\/01\/krasno-velebit-dragec-prijevoz-8.jpg\" data-elementor-open-lightbox=\"yes\" data-elementor-lightbox-slideshow=\"all-699de2c6\" data-elementor-lightbox-title=\"krasno-velebit-dragec-prijevoz-8\">\n\t\t\t\t\t<div class=\"e-gallery-image elementor-gallery-item__image\" data-thumbnail=\"https:\/\/www.dragec-prijevoz.hr\/de\/wp-content\/uploads\/2022\/01\/krasno-velebit-dragec-prijevoz-8-600x339.jpg\" data-width=\"600\" data-height=\"339\" alt=\"\" ><\/div>\n\t\t\t\t\t\t\t\t\t\t\t<div class=\"elementor-gallery-item__overlay\"><\/div>\n\t\t\t\t\t\t\t\t\t\t\t\t\t\t<\/a>\n\t\t\t\t\t\t\t<a class=\"e-gallery-item elementor-gallery-item elementor-animated-content\" href=\"https:\/\/www.dragec-prijevoz.hr\/de\/wp-content\/uploads\/2022\/01\/krasno-velebit-dragec-prijevoz-7.jpg\" data-elementor-open-lightbox=\"yes\" data-elementor-lightbox-slideshow=\"all-699de2c6\" data-elementor-lightbox-title=\"krasno-velebit-dragec-prijevoz-7\">\n\t\t\t\t\t<div class=\"e-gallery-image elementor-gallery-item__image\" data-thumbnail=\"https:\/\/www.dragec-prijevoz.hr\/de\/wp-content\/uploads\/2022\/01\/krasno-velebit-dragec-prijevoz-7-600x400.jpg\" data-width=\"600\" data-height=\"400\" alt=\"\" ><\/div>\n\t\t\t\t\t\t\t\t\t\t\t<div class=\"elementor-gallery-item__overlay\"><\/div>\n\t\t\t\t\t\t\t\t\t\t\t\t\t\t<\/a>\n\t\t\t\t\t\t\t<a class=\"e-gallery-item elementor-gallery-item elementor-animated-content\" href=\"https:\/\/www.dragec-prijevoz.hr\/de\/wp-content\/uploads\/2022\/01\/krasno-velebit-dragec-prijevoz-6.jpg\" data-elementor-open-lightbox=\"yes\" data-elementor-lightbox-slideshow=\"all-699de2c6\" data-elementor-lightbox-title=\"krasno-velebit-dragec-prijevoz-6\">\n\t\t\t\t\t<div class=\"e-gallery-image elementor-gallery-item__image\" data-thumbnail=\"https:\/\/www.dragec-prijevoz.hr\/de\/wp-content\/uploads\/2022\/01\/krasno-velebit-dragec-prijevoz-6-600x400.jpg\" data-width=\"600\" data-height=\"400\" alt=\"\" ><\/div>\n\t\t\t\t\t\t\t\t\t\t\t<div class=\"elementor-gallery-item__overlay\"><\/div>\n\t\t\t\t\t\t\t\t\t\t\t\t\t\t<\/a>\n\t\t\t\t\t\t\t<a class=\"e-gallery-item elementor-gallery-item elementor-animated-content\" href=\"https:\/\/www.dragec-prijevoz.hr\/de\/wp-content\/uploads\/2022\/01\/krasno-velebit-dragec-prijevoz-5.jpg\" data-elementor-open-lightbox=\"yes\" data-elementor-lightbox-slideshow=\"all-699de2c6\" data-elementor-lightbox-title=\"krasno-velebit-dragec-prijevoz-5\">\n\t\t\t\t\t<div class=\"e-gallery-image elementor-gallery-item__image\" data-thumbnail=\"https:\/\/www.dragec-prijevoz.hr\/de\/wp-content\/uploads\/2022\/01\/krasno-velebit-dragec-prijevoz-5-600x400.jpg\" data-width=\"600\" data-height=\"400\" alt=\"\" ><\/div>\n\t\t\t\t\t\t\t\t\t\t\t<div class=\"elementor-gallery-item__overlay\"><\/div>\n\t\t\t\t\t\t\t\t\t\t\t\t\t\t<\/a>\n\t\t\t\t\t\t\t<a class=\"e-gallery-item elementor-gallery-item elementor-animated-content\" href=\"https:\/\/www.dragec-prijevoz.hr\/de\/wp-content\/uploads\/2022\/01\/krasno-velebit-dragec-prijevoz-4.jpg\" data-elementor-open-lightbox=\"yes\" data-elementor-lightbox-slideshow=\"all-699de2c6\" data-elementor-lightbox-title=\"krasno-velebit-dragec-prijevoz-4\">\n\t\t\t\t\t<div class=\"e-gallery-image elementor-gallery-item__image\" data-thumbnail=\"https:\/\/www.dragec-prijevoz.hr\/de\/wp-content\/uploads\/2022\/01\/krasno-velebit-dragec-prijevoz-4-600x400.jpg\" data-width=\"600\" data-height=\"400\" alt=\"\" ><\/div>\n\t\t\t\t\t\t\t\t\t\t\t<div class=\"elementor-gallery-item__overlay\"><\/div>\n\t\t\t\t\t\t\t\t\t\t\t\t\t\t<\/a>\n\t\t\t\t\t\t\t<a class=\"e-gallery-item elementor-gallery-item elementor-animated-content\" href=\"https:\/\/www.dragec-prijevoz.hr\/de\/wp-content\/uploads\/2022\/01\/krasno-velebit-dragec-prijevoz-3.jpg\" data-elementor-open-lightbox=\"yes\" data-elementor-lightbox-slideshow=\"all-699de2c6\" data-elementor-lightbox-title=\"krasno-velebit-dragec-prijevoz-3\">\n\t\t\t\t\t<div class=\"e-gallery-image elementor-gallery-item__image\" data-thumbnail=\"https:\/\/www.dragec-prijevoz.hr\/de\/wp-content\/uploads\/2022\/01\/krasno-velebit-dragec-prijevoz-3-600x400.jpg\" data-width=\"600\" data-height=\"400\" alt=\"\" ><\/div>\n\t\t\t\t\t\t\t\t\t\t\t<div class=\"elementor-gallery-item__overlay\"><\/div>\n\t\t\t\t\t\t\t\t\t\t\t\t\t\t<\/a>\n\t\t\t\t\t\t\t<a class=\"e-gallery-item elementor-gallery-item elementor-animated-content\" href=\"https:\/\/www.dragec-prijevoz.hr\/de\/wp-content\/uploads\/2022\/01\/krasno-velebit-dragec-prijevoz-2.jpg\" data-elementor-open-lightbox=\"yes\" data-elementor-lightbox-slideshow=\"all-699de2c6\" data-elementor-lightbox-title=\"krasno-velebit-dragec-prijevoz-2\">\n\t\t\t\t\t<div class=\"e-gallery-image elementor-gallery-item__image\" data-thumbnail=\"https:\/\/www.dragec-prijevoz.hr\/de\/wp-content\/uploads\/2022\/01\/krasno-velebit-dragec-prijevoz-2-600x400.jpg\" data-width=\"600\" data-height=\"400\" alt=\"\" ><\/div>\n\t\t\t\t\t\t\t\t\t\t\t<div class=\"elementor-gallery-item__overlay\"><\/div>\n\t\t\t\t\t\t\t\t\t\t\t\t\t\t<\/a>\n\t\t\t\t\t\t\t<a class=\"e-gallery-item elementor-gallery-item elementor-animated-content\" href=\"https:\/\/www.dragec-prijevoz.hr\/de\/wp-content\/uploads\/2022\/01\/krasno-velebit-dragec-prijevoz-1.jpg\" data-elementor-open-lightbox=\"yes\" data-elementor-lightbox-slideshow=\"all-699de2c6\" data-elementor-lightbox-title=\"krasno-velebit-dragec-prijevoz-1\">\n\t\t\t\t\t<div class=\"e-gallery-image elementor-gallery-item__image\" data-thumbnail=\"https:\/\/www.dragec-prijevoz.hr\/de\/wp-content\/uploads\/2022\/01\/krasno-velebit-dragec-prijevoz-1-600x400.jpg\" data-width=\"600\" data-height=\"400\" alt=\"\" ><\/div>\n\t\t\t\t\t\t\t\t\t\t\t<div class=\"elementor-gallery-item__overlay\"><\/div>\n\t\t\t\t\t\t\t\t\t\t\t\t\t\t<\/a>\n\t\t\t\t\t<\/div>\n\t\t\t<\/div>\n\t\t\t\t<\/div>\n\t\t\t\t\t<\/div>\n\t\t<\/div>\n\t\t\t\t\t\t\t<\/div>\n\t\t<\/section>\n\t\t\t\t\t\t<\/div>\n\t\t\t\t\t<\/div>\n\t\t","protected":false},"excerpt":{"rendered":"<p>Gebirgssiedlungen Krasno Krasno z\u00e4hlt zu den gr\u00f6\u00dften Gebirgssiedlungen in Kroatien und liegt an den n\u00f6rdlichen H\u00e4ngen des Velebit-Gebirges, in einer H\u00f6he von etwa 800 m \u00fcber dem Meeresspiegel, innerhalb der Grenzen des Naturparks Velebit. Das Dorf besteht aus vierzehn kleineren Ortschaften, die im malerischen Tal von Krasno (Krasnarska dolina), das von allen Seiten von hohen [&hellip;]<\/p>\n","protected":false},"author":1,"featured_media":0,"parent":353,"menu_order":0,"comment_status":"closed","ping_status":"closed","template":"","meta":[],"yoast_head":"<!-- This site is optimized with the Yoast SEO Premium plugin v17.8 (Yoast SEO v20.8) - https:\/\/yoast.com\/wordpress\/plugins\/seo\/ -->\n<title>Krasno - Dragec prijevoz - Velebit - Transport mit Bus<\/title>\n<meta name=\"description\" content=\"Dragec Personenverkehr - Velebit - Krasno z\u00e4hlt zu den gr\u00f6\u00dften Gebirgssiedlungen in Kroatien und liegt an den n\u00f6rdlichen H\u00e4ngen des Velebit.\" \/>\n<meta name=\"robots\" content=\"index, follow, max-snippet:-1, max-image-preview:large, max-video-preview:-1\" \/>\n<link rel=\"canonical\" href=\"https:\/\/www.dragec-prijevoz.hr\/de\/ausfluge\/gebirgssiedlungen-krasno\/\" \/>\n<meta property=\"og:locale\" content=\"de_DE\" \/>\n<meta property=\"og:type\" content=\"article\" \/>\n<meta property=\"og:title\" content=\"Krasno\" \/>\n<meta property=\"og:description\" content=\"Dragec Personenverkehr - Velebit - Krasno z\u00e4hlt zu den gr\u00f6\u00dften Gebirgssiedlungen in Kroatien und liegt an den n\u00f6rdlichen H\u00e4ngen des Velebit.\" \/>\n<meta property=\"og:url\" content=\"https:\/\/www.dragec-prijevoz.hr\/de\/ausfluge\/gebirgssiedlungen-krasno\/\" \/>\n<meta property=\"og:site_name\" content=\"Dragec prijevoz - Velebit - Transport mit Bus\" \/>\n<meta property=\"article:modified_time\" content=\"2022-02-02T12:12:53+00:00\" \/>\n<meta property=\"og:image\" content=\"https:\/\/www.dragec-prijevoz.hr\/de\/wp-content\/uploads\/2022\/01\/dragec-prevoz-velebit.png\" \/>\n\t<meta property=\"og:image:width\" content=\"500\" \/>\n\t<meta property=\"og:image:height\" content=\"150\" \/>\n\t<meta property=\"og:image:type\" content=\"image\/png\" \/>\n<meta name=\"twitter:card\" content=\"summary_large_image\" \/>\n<meta name=\"twitter:label1\" content=\"Gesch\u00e4tzte Lesezeit\" \/>\n\t<meta name=\"twitter:data1\" content=\"2 Minuten\" \/>\n<script type=\"application\/ld+json\" class=\"yoast-schema-graph\">{\"@context\":\"https:\/\/schema.org\",\"@graph\":[{\"@type\":\"WebPage\",\"@id\":\"https:\/\/www.dragec-prijevoz.hr\/de\/ausfluge\/gebirgssiedlungen-krasno\/\",\"url\":\"https:\/\/www.dragec-prijevoz.hr\/de\/ausfluge\/gebirgssiedlungen-krasno\/\",\"name\":\"Krasno - Dragec prijevoz - Velebit - Transport mit Bus\",\"isPartOf\":{\"@id\":\"https:\/\/www.dragec-prijevoz.hr\/de\/#website\"},\"datePublished\":\"2022-01-20T18:05:09+00:00\",\"dateModified\":\"2022-02-02T12:12:53+00:00\",\"description\":\"Dragec Personenverkehr - Velebit - Krasno z\u00e4hlt zu den gr\u00f6\u00dften Gebirgssiedlungen in Kroatien und liegt an den n\u00f6rdlichen H\u00e4ngen des Velebit.\",\"breadcrumb\":{\"@id\":\"https:\/\/www.dragec-prijevoz.hr\/de\/ausfluge\/gebirgssiedlungen-krasno\/#breadcrumb\"},\"inLanguage\":\"de-DE\",\"potentialAction\":[{\"@type\":\"ReadAction\",\"target\":[\"https:\/\/www.dragec-prijevoz.hr\/de\/ausfluge\/gebirgssiedlungen-krasno\/\"]}]},{\"@type\":\"BreadcrumbList\",\"@id\":\"https:\/\/www.dragec-prijevoz.hr\/de\/ausfluge\/gebirgssiedlungen-krasno\/#breadcrumb\",\"itemListElement\":[{\"@type\":\"ListItem\",\"position\":1,\"name\":\"Po\u010detna stranica\",\"item\":\"https:\/\/www.dragec-prijevoz.hr\/de\/\"},{\"@type\":\"ListItem\",\"position\":2,\"name\":\"Ausfl\u00fcge\",\"item\":\"https:\/\/www.dragec-prijevoz.hr\/de\/ausfluge\/\"},{\"@type\":\"ListItem\",\"position\":3,\"name\":\"Krasno\"}]},{\"@type\":\"WebSite\",\"@id\":\"https:\/\/www.dragec-prijevoz.hr\/de\/#website\",\"url\":\"https:\/\/www.dragec-prijevoz.hr\/de\/\",\"name\":\"Dragec prijevoz - Velebit - Transport mit Bus\",\"description\":\"Transport mit Bus und Van auf Velebit\",\"publisher\":{\"@id\":\"https:\/\/www.dragec-prijevoz.hr\/de\/#organization\"},\"potentialAction\":[{\"@type\":\"SearchAction\",\"target\":{\"@type\":\"EntryPoint\",\"urlTemplate\":\"https:\/\/www.dragec-prijevoz.hr\/de\/?s={search_term_string}\"},\"query-input\":\"required name=search_term_string\"}],\"inLanguage\":\"de-DE\"},{\"@type\":\"Organization\",\"@id\":\"https:\/\/www.dragec-prijevoz.hr\/de\/#organization\",\"name\":\"Dragec prijevoz - Velebit - Hrvatska\",\"url\":\"https:\/\/www.dragec-prijevoz.hr\/de\/\",\"logo\":{\"@type\":\"ImageObject\",\"inLanguage\":\"de-DE\",\"@id\":\"https:\/\/www.dragec-prijevoz.hr\/de\/#\/schema\/logo\/image\/\",\"url\":\"https:\/\/www.dragec-prijevoz.hr\/de\/wp-content\/uploads\/2022\/01\/dragec-prevoz-velebit.png\",\"contentUrl\":\"https:\/\/www.dragec-prijevoz.hr\/de\/wp-content\/uploads\/2022\/01\/dragec-prevoz-velebit.png\",\"width\":500,\"height\":150,\"caption\":\"Dragec prijevoz - Velebit - Hrvatska\"},\"image\":{\"@id\":\"https:\/\/www.dragec-prijevoz.hr\/de\/#\/schema\/logo\/image\/\"}}]}<\/script>\n<!-- \/ Yoast SEO Premium plugin. -->","yoast_head_json":{"title":"Krasno - Dragec prijevoz - Velebit - Transport mit Bus","description":"Dragec Personenverkehr - Velebit - Krasno z\u00e4hlt zu den gr\u00f6\u00dften Gebirgssiedlungen in Kroatien und liegt an den n\u00f6rdlichen H\u00e4ngen des Velebit.","robots":{"index":"index","follow":"follow","max-snippet":"max-snippet:-1","max-image-preview":"max-image-preview:large","max-video-preview":"max-video-preview:-1"},"canonical":"https:\/\/www.dragec-prijevoz.hr\/de\/ausfluge\/gebirgssiedlungen-krasno\/","og_locale":"de_DE","og_type":"article","og_title":"Krasno","og_description":"Dragec Personenverkehr - Velebit - Krasno z\u00e4hlt zu den gr\u00f6\u00dften Gebirgssiedlungen in Kroatien und liegt an den n\u00f6rdlichen H\u00e4ngen des Velebit.","og_url":"https:\/\/www.dragec-prijevoz.hr\/de\/ausfluge\/gebirgssiedlungen-krasno\/","og_site_name":"Dragec prijevoz - Velebit - Transport mit Bus","article_modified_time":"2022-02-02T12:12:53+00:00","og_image":[{"width":500,"height":150,"url":"https:\/\/www.dragec-prijevoz.hr\/de\/wp-content\/uploads\/2022\/01\/dragec-prevoz-velebit.png","type":"image\/png"}],"twitter_card":"summary_large_image","twitter_misc":{"Gesch\u00e4tzte Lesezeit":"2 Minuten"},"schema":{"@context":"https:\/\/schema.org","@graph":[{"@type":"WebPage","@id":"https:\/\/www.dragec-prijevoz.hr\/de\/ausfluge\/gebirgssiedlungen-krasno\/","url":"https:\/\/www.dragec-prijevoz.hr\/de\/ausfluge\/gebirgssiedlungen-krasno\/","name":"Krasno - Dragec prijevoz - Velebit - Transport mit Bus","isPartOf":{"@id":"https:\/\/www.dragec-prijevoz.hr\/de\/#website"},"datePublished":"2022-01-20T18:05:09+00:00","dateModified":"2022-02-02T12:12:53+00:00","description":"Dragec Personenverkehr - Velebit - Krasno z\u00e4hlt zu den gr\u00f6\u00dften Gebirgssiedlungen in Kroatien und liegt an den n\u00f6rdlichen H\u00e4ngen des Velebit.","breadcrumb":{"@id":"https:\/\/www.dragec-prijevoz.hr\/de\/ausfluge\/gebirgssiedlungen-krasno\/#breadcrumb"},"inLanguage":"de-DE","potentialAction":[{"@type":"ReadAction","target":["https:\/\/www.dragec-prijevoz.hr\/de\/ausfluge\/gebirgssiedlungen-krasno\/"]}]},{"@type":"BreadcrumbList","@id":"https:\/\/www.dragec-prijevoz.hr\/de\/ausfluge\/gebirgssiedlungen-krasno\/#breadcrumb","itemListElement":[{"@type":"ListItem","position":1,"name":"Po\u010detna stranica","item":"https:\/\/www.dragec-prijevoz.hr\/de\/"},{"@type":"ListItem","position":2,"name":"Ausfl\u00fcge","item":"https:\/\/www.dragec-prijevoz.hr\/de\/ausfluge\/"},{"@type":"ListItem","position":3,"name":"Krasno"}]},{"@type":"WebSite","@id":"https:\/\/www.dragec-prijevoz.hr\/de\/#website","url":"https:\/\/www.dragec-prijevoz.hr\/de\/","name":"Dragec prijevoz - Velebit - Transport mit Bus","description":"Transport mit Bus und Van auf Velebit","publisher":{"@id":"https:\/\/www.dragec-prijevoz.hr\/de\/#organization"},"potentialAction":[{"@type":"SearchAction","target":{"@type":"EntryPoint","urlTemplate":"https:\/\/www.dragec-prijevoz.hr\/de\/?s={search_term_string}"},"query-input":"required name=search_term_string"}],"inLanguage":"de-DE"},{"@type":"Organization","@id":"https:\/\/www.dragec-prijevoz.hr\/de\/#organization","name":"Dragec prijevoz - Velebit - Hrvatska","url":"https:\/\/www.dragec-prijevoz.hr\/de\/","logo":{"@type":"ImageObject","inLanguage":"de-DE","@id":"https:\/\/www.dragec-prijevoz.hr\/de\/#\/schema\/logo\/image\/","url":"https:\/\/www.dragec-prijevoz.hr\/de\/wp-content\/uploads\/2022\/01\/dragec-prevoz-velebit.png","contentUrl":"https:\/\/www.dragec-prijevoz.hr\/de\/wp-content\/uploads\/2022\/01\/dragec-prevoz-velebit.png","width":500,"height":150,"caption":"Dragec prijevoz - Velebit - Hrvatska"},"image":{"@id":"https:\/\/www.dragec-prijevoz.hr\/de\/#\/schema\/logo\/image\/"}}]}},"_links":{"self":[{"href":"https:\/\/www.dragec-prijevoz.hr\/de\/wp-json\/wp\/v2\/pages\/566"}],"collection":[{"href":"https:\/\/www.dragec-prijevoz.hr\/de\/wp-json\/wp\/v2\/pages"}],"about":[{"href":"https:\/\/www.dragec-prijevoz.hr\/de\/wp-json\/wp\/v2\/types\/page"}],"author":[{"embeddable":true,"href":"https:\/\/www.dragec-prijevoz.hr\/de\/wp-json\/wp\/v2\/users\/1"}],"replies":[{"embeddable":true,"href":"https:\/\/www.dragec-prijevoz.hr\/de\/wp-json\/wp\/v2\/comments?post=566"}],"version-history":[{"count":47,"href":"https:\/\/www.dragec-prijevoz.hr\/de\/wp-json\/wp\/v2\/pages\/566\/revisions"}],"predecessor-version":[{"id":1465,"href":"https:\/\/www.dragec-prijevoz.hr\/de\/wp-json\/wp\/v2\/pages\/566\/revisions\/1465"}],"up":[{"embeddable":true,"href":"https:\/\/www.dragec-prijevoz.hr\/de\/wp-json\/wp\/v2\/pages\/353"}],"wp:attachment":[{"href":"https:\/\/www.dragec-prijevoz.hr\/de\/wp-json\/wp\/v2\/media?parent=566"}],"curies":[{"name":"wp","href":"https:\/\/api.w.org\/{rel}","templated":true}]}}