{"id":629,"date":"2022-01-21T10:52:13","date_gmt":"2022-01-21T10:52:13","guid":{"rendered":"https:\/\/www.dragec-prijevoz.hr\/de\/en\/?page_id=629"},"modified":"2022-02-02T10:17:40","modified_gmt":"2022-02-02T10:17:40","slug":"premuzic-wanderweg","status":"publish","type":"page","link":"https:\/\/www.dragec-prijevoz.hr\/de\/ausfluge\/premuzic-wanderweg\/","title":{"rendered":"Premuzic-Wanderweg"},"content":{"rendered":"\t\t<div data-elementor-type=\"wp-page\" data-elementor-id=\"629\" class=\"elementor elementor-629\" data-elementor-settings=\"[]\">\n\t\t\t\t\t\t\t<div class=\"elementor-section-wrap\">\n\t\t\t\t\t\t\t<section class=\"elementor-section elementor-top-section elementor-element elementor-element-6f4b0e45 elementor-section-boxed elementor-section-height-default elementor-section-height-default\" data-id=\"6f4b0e45\" data-element_type=\"section\">\n\t\t\t\t\t\t<div class=\"elementor-container elementor-column-gap-default\">\n\t\t\t\t\t<div class=\"elementor-column elementor-col-100 elementor-top-column elementor-element elementor-element-a27b58a\" data-id=\"a27b58a\" data-element_type=\"column\">\n\t\t\t<div class=\"elementor-widget-wrap elementor-element-populated\">\n\t\t\t\t\t\t\t\t<div class=\"elementor-element elementor-element-6a81d115 elementor-widget elementor-widget-heading\" data-id=\"6a81d115\" data-element_type=\"widget\" data-widget_type=\"heading.default\">\n\t\t\t\t<div class=\"elementor-widget-container\">\n\t\t\t<h2 class=\"elementor-heading-title elementor-size-default\">Premuzic-Wanderweg<\/h2>\t\t<\/div>\n\t\t\t\t<\/div>\n\t\t\t\t<section class=\"elementor-section elementor-inner-section elementor-element elementor-element-2a0bd861 elementor-section-boxed elementor-section-height-default elementor-section-height-default\" data-id=\"2a0bd861\" data-element_type=\"section\">\n\t\t\t\t\t\t<div class=\"elementor-container elementor-column-gap-default\">\n\t\t\t\t\t<div class=\"elementor-column elementor-col-50 elementor-inner-column elementor-element elementor-element-4689d6f5\" data-id=\"4689d6f5\" data-element_type=\"column\">\n\t\t\t<div class=\"elementor-widget-wrap elementor-element-populated\">\n\t\t\t\t\t\t\t\t<div class=\"elementor-element elementor-element-939eb72 elementor-widget elementor-widget-text-editor\" data-id=\"939eb72\" data-element_type=\"widget\" data-widget_type=\"text-editor.default\">\n\t\t\t\t<div class=\"elementor-widget-container\">\n\t\t\t\t\t\t\t<p>Constructed using the drystone technique, the Premu\u017ei\u0107 Trail is today considered a masterpiece of trail building.\u00a0<\/p><p>The route is laid out so as to provide the easiest possible access to the most rugged and inaccessible sections of north Velebit \u2013 Hajdu\u010dki i Ro\u017eanski Kukovi.<\/p><p>The trail was laid out and constructed by the forestry engineer Ante Premu\u017ei\u0107, a passionate mountaineer and lover of Velebit.<\/p><p>The 57 km route runs along the mountain ridge from Zavi\u017ean to Ba\u0161ke O\u0161tarije in central Velebit.<\/p>\t\t\t\t\t\t<\/div>\n\t\t\t\t<\/div>\n\t\t\t\t\t<\/div>\n\t\t<\/div>\n\t\t\t\t<div class=\"elementor-column elementor-col-50 elementor-inner-column elementor-element elementor-element-5af75c11\" data-id=\"5af75c11\" data-element_type=\"column\">\n\t\t\t<div class=\"elementor-widget-wrap elementor-element-populated\">\n\t\t\t\t\t\t\t\t<div class=\"elementor-element elementor-element-94df6c8 elementor-aspect-ratio-169 elementor-widget elementor-widget-video\" data-id=\"94df6c8\" data-element_type=\"widget\" data-settings=\"{&quot;youtube_url&quot;:&quot;https:\\\/\\\/www.youtube.com\\\/watch?v=8S0jY9FJRDI&quot;,&quot;video_type&quot;:&quot;youtube&quot;,&quot;controls&quot;:&quot;yes&quot;,&quot;aspect_ratio&quot;:&quot;169&quot;}\" data-widget_type=\"video.default\">\n\t\t\t\t<div class=\"elementor-widget-container\">\n\t\t\t\t\t<div class=\"elementor-wrapper elementor-fit-aspect-ratio elementor-open-inline\">\n\t\t\t<div class=\"elementor-video\"><\/div>\t\t<\/div>\n\t\t\t\t<\/div>\n\t\t\t\t<\/div>\n\t\t\t\t\t<\/div>\n\t\t<\/div>\n\t\t\t\t\t\t\t<\/div>\n\t\t<\/section>\n\t\t\t\t<section class=\"elementor-section elementor-inner-section elementor-element elementor-element-536311b4 elementor-section-boxed elementor-section-height-default elementor-section-height-default\" data-id=\"536311b4\" data-element_type=\"section\">\n\t\t\t\t\t\t<div class=\"elementor-container elementor-column-gap-default\">\n\t\t\t\t\t<div class=\"elementor-column elementor-col-50 elementor-inner-column elementor-element elementor-element-33a87532\" data-id=\"33a87532\" data-element_type=\"column\">\n\t\t\t<div class=\"elementor-widget-wrap elementor-element-populated\">\n\t\t\t\t\t\t\t\t<div class=\"elementor-element elementor-element-38e74ff7 elementor-aspect-ratio-169 elementor-widget elementor-widget-video\" data-id=\"38e74ff7\" data-element_type=\"widget\" data-settings=\"{&quot;youtube_url&quot;:&quot;https:\\\/\\\/www.youtube.com\\\/watch?v=SwSORwLYmtw&quot;,&quot;video_type&quot;:&quot;youtube&quot;,&quot;controls&quot;:&quot;yes&quot;,&quot;aspect_ratio&quot;:&quot;169&quot;}\" data-widget_type=\"video.default\">\n\t\t\t\t<div class=\"elementor-widget-container\">\n\t\t\t\t\t<div class=\"elementor-wrapper elementor-fit-aspect-ratio elementor-open-inline\">\n\t\t\t<div class=\"elementor-video\"><\/div>\t\t<\/div>\n\t\t\t\t<\/div>\n\t\t\t\t<\/div>\n\t\t\t\t\t<\/div>\n\t\t<\/div>\n\t\t\t\t<div class=\"elementor-column elementor-col-50 elementor-inner-column elementor-element elementor-element-18c5b5a\" data-id=\"18c5b5a\" data-element_type=\"column\">\n\t\t\t<div class=\"elementor-widget-wrap elementor-element-populated\">\n\t\t\t\t\t\t\t\t<div class=\"elementor-element elementor-element-2b5a1042 elementor-widget elementor-widget-text-editor\" data-id=\"2b5a1042\" data-element_type=\"widget\" data-widget_type=\"text-editor.default\">\n\t\t\t\t<div class=\"elementor-widget-container\">\n\t\t\t\t\t\t\t<p>Branching off from the Premu\u017ei\u0107 Trail are several paths that climb up to some of the most spectacular peaks of northe and central Velebit &#8211; Gromova\u010da, Crikvena, \u0160atorina and others. A 16-km portion of the trail runs through the Northern Velebit National Park. At about two hours\u2019 walk from Zavi\u017ean is a mountain shelter called Rossi\u2019s shelter.<\/p><p>In 2009, the Premu\u017ei\u0107\u2019s Trail was officially placed under protection in its entire length as a cultural asset of national importance.<\/p>\t\t\t\t\t\t<\/div>\n\t\t\t\t<\/div>\n\t\t\t\t\t<\/div>\n\t\t<\/div>\n\t\t\t\t\t\t\t<\/div>\n\t\t<\/section>\n\t\t\t\t<section class=\"elementor-section elementor-inner-section elementor-element elementor-element-46200d47 elementor-section-boxed elementor-section-height-default elementor-section-height-default\" data-id=\"46200d47\" data-element_type=\"section\">\n\t\t\t\t\t\t<div class=\"elementor-container elementor-column-gap-default\">\n\t\t\t\t\t<div class=\"elementor-column elementor-col-100 elementor-inner-column elementor-element elementor-element-7f8a6851\" data-id=\"7f8a6851\" data-element_type=\"column\">\n\t\t\t<div class=\"elementor-widget-wrap elementor-element-populated\">\n\t\t\t\t\t\t\t\t<div class=\"elementor-element elementor-element-56fdbc02 elementor-align-justify elementor-widget elementor-widget-button\" data-id=\"56fdbc02\" data-element_type=\"widget\" data-widget_type=\"button.default\">\n\t\t\t\t<div class=\"elementor-widget-container\">\n\t\t\t\t\t<div class=\"elementor-button-wrapper\">\n\t\t\t<a href=\"#kontakt\" class=\"elementor-button-link elementor-button elementor-size-sm\" role=\"button\">\n\t\t\t\t\t\t<span class=\"elementor-button-content-wrapper\">\n\t\t\t\t\t\t<span class=\"elementor-button-text\">Kontaktiere uns<\/span>\n\t\t<\/span>\n\t\t\t\t\t<\/a>\n\t\t<\/div>\n\t\t\t\t<\/div>\n\t\t\t\t<\/div>\n\t\t\t\t\t<\/div>\n\t\t<\/div>\n\t\t\t\t\t\t\t<\/div>\n\t\t<\/section>\n\t\t\t\t\t<\/div>\n\t\t<\/div>\n\t\t\t\t\t\t\t<\/div>\n\t\t<\/section>\n\t\t\t\t<section class=\"elementor-section elementor-top-section elementor-element elementor-element-7fe044ae elementor-section-full_width elementor-section-height-default elementor-section-height-default\" data-id=\"7fe044ae\" data-element_type=\"section\">\n\t\t\t\t\t\t<div class=\"elementor-container elementor-column-gap-no\">\n\t\t\t\t\t<div class=\"elementor-column elementor-col-100 elementor-top-column elementor-element elementor-element-1b172136\" data-id=\"1b172136\" data-element_type=\"column\">\n\t\t\t<div class=\"elementor-widget-wrap elementor-element-populated\">\n\t\t\t\t\t\t\t\t<div class=\"elementor-element elementor-element-22e0104e elementor-widget elementor-widget-gallery\" data-id=\"22e0104e\" data-element_type=\"widget\" data-settings=\"{&quot;gap&quot;:{&quot;unit&quot;:&quot;px&quot;,&quot;size&quot;:16,&quot;sizes&quot;:[]},&quot;lazyload&quot;:&quot;yes&quot;,&quot;gallery_layout&quot;:&quot;grid&quot;,&quot;columns&quot;:4,&quot;columns_tablet&quot;:2,&quot;columns_mobile&quot;:1,&quot;gap_tablet&quot;:{&quot;unit&quot;:&quot;px&quot;,&quot;size&quot;:10,&quot;sizes&quot;:[]},&quot;gap_mobile&quot;:{&quot;unit&quot;:&quot;px&quot;,&quot;size&quot;:10,&quot;sizes&quot;:[]},&quot;link_to&quot;:&quot;file&quot;,&quot;aspect_ratio&quot;:&quot;3:2&quot;,&quot;overlay_background&quot;:&quot;yes&quot;,&quot;content_hover_animation&quot;:&quot;fade-in&quot;}\" data-widget_type=\"gallery.default\">\n\t\t\t\t<div class=\"elementor-widget-container\">\n\t\t\t\t\t<div class=\"elementor-gallery__container\">\n\t\t\t\t\t\t\t<a class=\"e-gallery-item elementor-gallery-item elementor-animated-content\" href=\"https:\/\/www.dragec-prijevoz.hr\/de\/wp-content\/uploads\/2022\/01\/premuziceva-staza-velebit-dragec-prijevoz-8.jpg\" data-elementor-open-lightbox=\"yes\" data-elementor-lightbox-slideshow=\"all-22e0104e\" data-elementor-lightbox-title=\"premuziceva-staza-velebit-dragec-prijevoz-8\">\n\t\t\t\t\t<div class=\"e-gallery-image elementor-gallery-item__image\" data-thumbnail=\"https:\/\/www.dragec-prijevoz.hr\/de\/wp-content\/uploads\/2022\/01\/premuziceva-staza-velebit-dragec-prijevoz-8-600x400.jpg\" data-width=\"600\" data-height=\"400\" alt=\"\" ><\/div>\n\t\t\t\t\t\t\t\t\t\t\t<div class=\"elementor-gallery-item__overlay\"><\/div>\n\t\t\t\t\t\t\t\t\t\t\t\t\t\t<\/a>\n\t\t\t\t\t\t\t<a class=\"e-gallery-item elementor-gallery-item elementor-animated-content\" href=\"https:\/\/www.dragec-prijevoz.hr\/de\/wp-content\/uploads\/2022\/01\/premuziceva-staza-velebit-dragec-prijevoz-7.jpg\" data-elementor-open-lightbox=\"yes\" data-elementor-lightbox-slideshow=\"all-22e0104e\" data-elementor-lightbox-title=\"premuziceva-staza-velebit-dragec-prijevoz-7\">\n\t\t\t\t\t<div class=\"e-gallery-image elementor-gallery-item__image\" data-thumbnail=\"https:\/\/www.dragec-prijevoz.hr\/de\/wp-content\/uploads\/2022\/01\/premuziceva-staza-velebit-dragec-prijevoz-7-398x600.jpg\" data-width=\"398\" data-height=\"600\" alt=\"\" ><\/div>\n\t\t\t\t\t\t\t\t\t\t\t<div class=\"elementor-gallery-item__overlay\"><\/div>\n\t\t\t\t\t\t\t\t\t\t\t\t\t\t<\/a>\n\t\t\t\t\t\t\t<a class=\"e-gallery-item elementor-gallery-item elementor-animated-content\" href=\"https:\/\/www.dragec-prijevoz.hr\/de\/wp-content\/uploads\/2022\/01\/premuziceva-staza-velebit-dragec-prijevoz-6.jpg\" data-elementor-open-lightbox=\"yes\" data-elementor-lightbox-slideshow=\"all-22e0104e\" data-elementor-lightbox-title=\"premuziceva-staza-velebit-dragec-prijevoz-6\">\n\t\t\t\t\t<div class=\"e-gallery-image elementor-gallery-item__image\" data-thumbnail=\"https:\/\/www.dragec-prijevoz.hr\/de\/wp-content\/uploads\/2022\/01\/premuziceva-staza-velebit-dragec-prijevoz-6-600x244.jpg\" data-width=\"600\" data-height=\"244\" alt=\"\" ><\/div>\n\t\t\t\t\t\t\t\t\t\t\t<div class=\"elementor-gallery-item__overlay\"><\/div>\n\t\t\t\t\t\t\t\t\t\t\t\t\t\t<\/a>\n\t\t\t\t\t\t\t<a class=\"e-gallery-item elementor-gallery-item elementor-animated-content\" href=\"https:\/\/www.dragec-prijevoz.hr\/de\/wp-content\/uploads\/2022\/01\/premuziceva-staza-velebit-dragec-prijevoz-5.jpg\" data-elementor-open-lightbox=\"yes\" data-elementor-lightbox-slideshow=\"all-22e0104e\" data-elementor-lightbox-title=\"premuziceva-staza-velebit-dragec-prijevoz-5\">\n\t\t\t\t\t<div class=\"e-gallery-image elementor-gallery-item__image\" data-thumbnail=\"https:\/\/www.dragec-prijevoz.hr\/de\/wp-content\/uploads\/2022\/01\/premuziceva-staza-velebit-dragec-prijevoz-5-600x398.jpg\" data-width=\"600\" data-height=\"398\" alt=\"\" ><\/div>\n\t\t\t\t\t\t\t\t\t\t\t<div class=\"elementor-gallery-item__overlay\"><\/div>\n\t\t\t\t\t\t\t\t\t\t\t\t\t\t<\/a>\n\t\t\t\t\t\t\t<a class=\"e-gallery-item elementor-gallery-item elementor-animated-content\" href=\"https:\/\/www.dragec-prijevoz.hr\/de\/wp-content\/uploads\/2022\/01\/premuziceva-staza-velebit-dragec-prijevoz-4.jpg\" data-elementor-open-lightbox=\"yes\" data-elementor-lightbox-slideshow=\"all-22e0104e\" data-elementor-lightbox-title=\"premuziceva-staza-velebit-dragec-prijevoz-4\">\n\t\t\t\t\t<div class=\"e-gallery-image elementor-gallery-item__image\" data-thumbnail=\"https:\/\/www.dragec-prijevoz.hr\/de\/wp-content\/uploads\/2022\/01\/premuziceva-staza-velebit-dragec-prijevoz-4-600x338.jpg\" data-width=\"600\" data-height=\"338\" alt=\"\" ><\/div>\n\t\t\t\t\t\t\t\t\t\t\t<div class=\"elementor-gallery-item__overlay\"><\/div>\n\t\t\t\t\t\t\t\t\t\t\t\t\t\t<\/a>\n\t\t\t\t\t\t\t<a class=\"e-gallery-item elementor-gallery-item elementor-animated-content\" href=\"https:\/\/www.dragec-prijevoz.hr\/de\/wp-content\/uploads\/2022\/01\/premuziceva-staza-velebit-dragec-prijevoz-3.jpg\" data-elementor-open-lightbox=\"yes\" data-elementor-lightbox-slideshow=\"all-22e0104e\" data-elementor-lightbox-title=\"premuziceva-staza-velebit-dragec-prijevoz-3\">\n\t\t\t\t\t<div class=\"e-gallery-image elementor-gallery-item__image\" data-thumbnail=\"https:\/\/www.dragec-prijevoz.hr\/de\/wp-content\/uploads\/2022\/01\/premuziceva-staza-velebit-dragec-prijevoz-3-600x573.jpg\" data-width=\"600\" data-height=\"573\" alt=\"\" ><\/div>\n\t\t\t\t\t\t\t\t\t\t\t<div class=\"elementor-gallery-item__overlay\"><\/div>\n\t\t\t\t\t\t\t\t\t\t\t\t\t\t<\/a>\n\t\t\t\t\t\t\t<a class=\"e-gallery-item elementor-gallery-item elementor-animated-content\" href=\"https:\/\/www.dragec-prijevoz.hr\/de\/wp-content\/uploads\/2022\/01\/premuziceva-staza-velebit-dragec-prijevoz-2.jpg\" data-elementor-open-lightbox=\"yes\" data-elementor-lightbox-slideshow=\"all-22e0104e\" data-elementor-lightbox-title=\"premuziceva-staza-velebit-dragec-prijevoz-2\">\n\t\t\t\t\t<div class=\"e-gallery-image elementor-gallery-item__image\" data-thumbnail=\"https:\/\/www.dragec-prijevoz.hr\/de\/wp-content\/uploads\/2022\/01\/premuziceva-staza-velebit-dragec-prijevoz-2-600x398.jpg\" data-width=\"600\" data-height=\"398\" alt=\"\" ><\/div>\n\t\t\t\t\t\t\t\t\t\t\t<div class=\"elementor-gallery-item__overlay\"><\/div>\n\t\t\t\t\t\t\t\t\t\t\t\t\t\t<\/a>\n\t\t\t\t\t\t\t<a class=\"e-gallery-item elementor-gallery-item elementor-animated-content\" href=\"https:\/\/www.dragec-prijevoz.hr\/de\/wp-content\/uploads\/2022\/01\/premuziceva-staza-velebit-dragec-prijevoz-1.jpg\" data-elementor-open-lightbox=\"yes\" data-elementor-lightbox-slideshow=\"all-22e0104e\" data-elementor-lightbox-title=\"premuziceva-staza-velebit-dragec-prijevoz-1\">\n\t\t\t\t\t<div class=\"e-gallery-image elementor-gallery-item__image\" data-thumbnail=\"https:\/\/www.dragec-prijevoz.hr\/de\/wp-content\/uploads\/2022\/01\/premuziceva-staza-velebit-dragec-prijevoz-1-398x600.jpg\" data-width=\"398\" data-height=\"600\" alt=\"\" ><\/div>\n\t\t\t\t\t\t\t\t\t\t\t<div class=\"elementor-gallery-item__overlay\"><\/div>\n\t\t\t\t\t\t\t\t\t\t\t\t\t\t<\/a>\n\t\t\t\t\t<\/div>\n\t\t\t<\/div>\n\t\t\t\t<\/div>\n\t\t\t\t\t<\/div>\n\t\t<\/div>\n\t\t\t\t\t\t\t<\/div>\n\t\t<\/section>\n\t\t\t\t\t\t<\/div>\n\t\t\t\t\t<\/div>\n\t\t","protected":false},"excerpt":{"rendered":"<p>Premuzic-Wanderweg Constructed using the drystone technique, the Premu\u017ei\u0107 Trail is today considered a masterpiece of trail building. The route is laid out so as to provide the easiest possible access to the most rugged and inaccessible sections of north Velebit \u2013 Hajdu\u010dki i Ro\u017eanski Kukovi. The trail was laid out and constructed by the forestry [&hellip;]<\/p>\n","protected":false},"author":1,"featured_media":0,"parent":353,"menu_order":0,"comment_status":"closed","ping_status":"closed","template":"","meta":[],"yoast_head":"<!-- This site is optimized with the Yoast SEO Premium plugin v17.8 (Yoast SEO v20.8) - https:\/\/yoast.com\/wordpress\/plugins\/seo\/ -->\n<title>Premuzic-Wanderweg - Dragec prijevoz - Velebit - Transport mit Bus<\/title>\n<meta name=\"description\" content=\"Dragec Personenverkehr - Velebit - Premu\u017ei\u0107-Wanderpfad - 57 km route runs along the mountain ridge from Zavi\u017ean to Ba\u0161ke O\u0161tarije.\" \/>\n<meta name=\"robots\" content=\"index, follow, max-snippet:-1, max-image-preview:large, max-video-preview:-1\" \/>\n<link rel=\"canonical\" href=\"https:\/\/www.dragec-prijevoz.hr\/de\/ausfluge\/premuzic-wanderweg\/\" \/>\n<meta property=\"og:locale\" content=\"de_DE\" \/>\n<meta property=\"og:type\" content=\"article\" \/>\n<meta property=\"og:title\" content=\"Premuzic-Wanderweg\" \/>\n<meta property=\"og:description\" content=\"Dragec Personenverkehr - Velebit - Premu\u017ei\u0107-Wanderpfad - 57 km route runs along the mountain ridge from Zavi\u017ean to Ba\u0161ke O\u0161tarije.\" \/>\n<meta property=\"og:url\" content=\"https:\/\/www.dragec-prijevoz.hr\/de\/ausfluge\/premuzic-wanderweg\/\" \/>\n<meta property=\"og:site_name\" content=\"Dragec prijevoz - Velebit - Transport mit Bus\" \/>\n<meta property=\"article:modified_time\" content=\"2022-02-02T10:17:40+00:00\" \/>\n<meta property=\"og:image\" content=\"https:\/\/www.dragec-prijevoz.hr\/de\/wp-content\/uploads\/2022\/01\/dragec-prevoz-velebit.png\" \/>\n\t<meta property=\"og:image:width\" content=\"500\" \/>\n\t<meta property=\"og:image:height\" content=\"150\" \/>\n\t<meta property=\"og:image:type\" content=\"image\/png\" \/>\n<meta name=\"twitter:card\" content=\"summary_large_image\" \/>\n<meta name=\"twitter:label1\" content=\"Gesch\u00e4tzte Lesezeit\" \/>\n\t<meta name=\"twitter:data1\" content=\"1 Minute\" \/>\n<script type=\"application\/ld+json\" class=\"yoast-schema-graph\">{\"@context\":\"https:\/\/schema.org\",\"@graph\":[{\"@type\":\"WebPage\",\"@id\":\"https:\/\/www.dragec-prijevoz.hr\/de\/ausfluge\/premuzic-wanderweg\/\",\"url\":\"https:\/\/www.dragec-prijevoz.hr\/de\/ausfluge\/premuzic-wanderweg\/\",\"name\":\"Premuzic-Wanderweg - Dragec prijevoz - Velebit - Transport mit Bus\",\"isPartOf\":{\"@id\":\"https:\/\/www.dragec-prijevoz.hr\/de\/#website\"},\"datePublished\":\"2022-01-21T10:52:13+00:00\",\"dateModified\":\"2022-02-02T10:17:40+00:00\",\"description\":\"Dragec Personenverkehr - Velebit - Premu\u017ei\u0107-Wanderpfad - 57 km route runs along the mountain ridge from Zavi\u017ean to Ba\u0161ke O\u0161tarije.\",\"breadcrumb\":{\"@id\":\"https:\/\/www.dragec-prijevoz.hr\/de\/ausfluge\/premuzic-wanderweg\/#breadcrumb\"},\"inLanguage\":\"de-DE\",\"potentialAction\":[{\"@type\":\"ReadAction\",\"target\":[\"https:\/\/www.dragec-prijevoz.hr\/de\/ausfluge\/premuzic-wanderweg\/\"]}]},{\"@type\":\"BreadcrumbList\",\"@id\":\"https:\/\/www.dragec-prijevoz.hr\/de\/ausfluge\/premuzic-wanderweg\/#breadcrumb\",\"itemListElement\":[{\"@type\":\"ListItem\",\"position\":1,\"name\":\"Po\u010detna stranica\",\"item\":\"https:\/\/www.dragec-prijevoz.hr\/de\/\"},{\"@type\":\"ListItem\",\"position\":2,\"name\":\"Ausfl\u00fcge\",\"item\":\"https:\/\/www.dragec-prijevoz.hr\/de\/ausfluge\/\"},{\"@type\":\"ListItem\",\"position\":3,\"name\":\"Premuzic-Wanderweg\"}]},{\"@type\":\"WebSite\",\"@id\":\"https:\/\/www.dragec-prijevoz.hr\/de\/#website\",\"url\":\"https:\/\/www.dragec-prijevoz.hr\/de\/\",\"name\":\"Dragec prijevoz - Velebit - Transport mit Bus\",\"description\":\"Transport mit Bus und Van auf Velebit\",\"publisher\":{\"@id\":\"https:\/\/www.dragec-prijevoz.hr\/de\/#organization\"},\"potentialAction\":[{\"@type\":\"SearchAction\",\"target\":{\"@type\":\"EntryPoint\",\"urlTemplate\":\"https:\/\/www.dragec-prijevoz.hr\/de\/?s={search_term_string}\"},\"query-input\":\"required name=search_term_string\"}],\"inLanguage\":\"de-DE\"},{\"@type\":\"Organization\",\"@id\":\"https:\/\/www.dragec-prijevoz.hr\/de\/#organization\",\"name\":\"Dragec prijevoz - Velebit - Hrvatska\",\"url\":\"https:\/\/www.dragec-prijevoz.hr\/de\/\",\"logo\":{\"@type\":\"ImageObject\",\"inLanguage\":\"de-DE\",\"@id\":\"https:\/\/www.dragec-prijevoz.hr\/de\/#\/schema\/logo\/image\/\",\"url\":\"https:\/\/www.dragec-prijevoz.hr\/de\/wp-content\/uploads\/2022\/01\/dragec-prevoz-velebit.png\",\"contentUrl\":\"https:\/\/www.dragec-prijevoz.hr\/de\/wp-content\/uploads\/2022\/01\/dragec-prevoz-velebit.png\",\"width\":500,\"height\":150,\"caption\":\"Dragec prijevoz - Velebit - Hrvatska\"},\"image\":{\"@id\":\"https:\/\/www.dragec-prijevoz.hr\/de\/#\/schema\/logo\/image\/\"}}]}<\/script>\n<!-- \/ Yoast SEO Premium plugin. -->","yoast_head_json":{"title":"Premuzic-Wanderweg - Dragec prijevoz - Velebit - Transport mit Bus","description":"Dragec Personenverkehr - Velebit - Premu\u017ei\u0107-Wanderpfad - 57 km route runs along the mountain ridge from Zavi\u017ean to Ba\u0161ke O\u0161tarije.","robots":{"index":"index","follow":"follow","max-snippet":"max-snippet:-1","max-image-preview":"max-image-preview:large","max-video-preview":"max-video-preview:-1"},"canonical":"https:\/\/www.dragec-prijevoz.hr\/de\/ausfluge\/premuzic-wanderweg\/","og_locale":"de_DE","og_type":"article","og_title":"Premuzic-Wanderweg","og_description":"Dragec Personenverkehr - Velebit - Premu\u017ei\u0107-Wanderpfad - 57 km route runs along the mountain ridge from Zavi\u017ean to Ba\u0161ke O\u0161tarije.","og_url":"https:\/\/www.dragec-prijevoz.hr\/de\/ausfluge\/premuzic-wanderweg\/","og_site_name":"Dragec prijevoz - Velebit - Transport mit Bus","article_modified_time":"2022-02-02T10:17:40+00:00","og_image":[{"width":500,"height":150,"url":"https:\/\/www.dragec-prijevoz.hr\/de\/wp-content\/uploads\/2022\/01\/dragec-prevoz-velebit.png","type":"image\/png"}],"twitter_card":"summary_large_image","twitter_misc":{"Gesch\u00e4tzte Lesezeit":"1 Minute"},"schema":{"@context":"https:\/\/schema.org","@graph":[{"@type":"WebPage","@id":"https:\/\/www.dragec-prijevoz.hr\/de\/ausfluge\/premuzic-wanderweg\/","url":"https:\/\/www.dragec-prijevoz.hr\/de\/ausfluge\/premuzic-wanderweg\/","name":"Premuzic-Wanderweg - Dragec prijevoz - Velebit - Transport mit Bus","isPartOf":{"@id":"https:\/\/www.dragec-prijevoz.hr\/de\/#website"},"datePublished":"2022-01-21T10:52:13+00:00","dateModified":"2022-02-02T10:17:40+00:00","description":"Dragec Personenverkehr - Velebit - Premu\u017ei\u0107-Wanderpfad - 57 km route runs along the mountain ridge from Zavi\u017ean to Ba\u0161ke O\u0161tarije.","breadcrumb":{"@id":"https:\/\/www.dragec-prijevoz.hr\/de\/ausfluge\/premuzic-wanderweg\/#breadcrumb"},"inLanguage":"de-DE","potentialAction":[{"@type":"ReadAction","target":["https:\/\/www.dragec-prijevoz.hr\/de\/ausfluge\/premuzic-wanderweg\/"]}]},{"@type":"BreadcrumbList","@id":"https:\/\/www.dragec-prijevoz.hr\/de\/ausfluge\/premuzic-wanderweg\/#breadcrumb","itemListElement":[{"@type":"ListItem","position":1,"name":"Po\u010detna stranica","item":"https:\/\/www.dragec-prijevoz.hr\/de\/"},{"@type":"ListItem","position":2,"name":"Ausfl\u00fcge","item":"https:\/\/www.dragec-prijevoz.hr\/de\/ausfluge\/"},{"@type":"ListItem","position":3,"name":"Premuzic-Wanderweg"}]},{"@type":"WebSite","@id":"https:\/\/www.dragec-prijevoz.hr\/de\/#website","url":"https:\/\/www.dragec-prijevoz.hr\/de\/","name":"Dragec prijevoz - Velebit - Transport mit Bus","description":"Transport mit Bus und Van auf Velebit","publisher":{"@id":"https:\/\/www.dragec-prijevoz.hr\/de\/#organization"},"potentialAction":[{"@type":"SearchAction","target":{"@type":"EntryPoint","urlTemplate":"https:\/\/www.dragec-prijevoz.hr\/de\/?s={search_term_string}"},"query-input":"required name=search_term_string"}],"inLanguage":"de-DE"},{"@type":"Organization","@id":"https:\/\/www.dragec-prijevoz.hr\/de\/#organization","name":"Dragec prijevoz - Velebit - Hrvatska","url":"https:\/\/www.dragec-prijevoz.hr\/de\/","logo":{"@type":"ImageObject","inLanguage":"de-DE","@id":"https:\/\/www.dragec-prijevoz.hr\/de\/#\/schema\/logo\/image\/","url":"https:\/\/www.dragec-prijevoz.hr\/de\/wp-content\/uploads\/2022\/01\/dragec-prevoz-velebit.png","contentUrl":"https:\/\/www.dragec-prijevoz.hr\/de\/wp-content\/uploads\/2022\/01\/dragec-prevoz-velebit.png","width":500,"height":150,"caption":"Dragec prijevoz - Velebit - Hrvatska"},"image":{"@id":"https:\/\/www.dragec-prijevoz.hr\/de\/#\/schema\/logo\/image\/"}}]}},"_links":{"self":[{"href":"https:\/\/www.dragec-prijevoz.hr\/de\/wp-json\/wp\/v2\/pages\/629"}],"collection":[{"href":"https:\/\/www.dragec-prijevoz.hr\/de\/wp-json\/wp\/v2\/pages"}],"about":[{"href":"https:\/\/www.dragec-prijevoz.hr\/de\/wp-json\/wp\/v2\/types\/page"}],"author":[{"embeddable":true,"href":"https:\/\/www.dragec-prijevoz.hr\/de\/wp-json\/wp\/v2\/users\/1"}],"replies":[{"embeddable":true,"href":"https:\/\/www.dragec-prijevoz.hr\/de\/wp-json\/wp\/v2\/comments?post=629"}],"version-history":[{"count":32,"href":"https:\/\/www.dragec-prijevoz.hr\/de\/wp-json\/wp\/v2\/pages\/629\/revisions"}],"predecessor-version":[{"id":1338,"href":"https:\/\/www.dragec-prijevoz.hr\/de\/wp-json\/wp\/v2\/pages\/629\/revisions\/1338"}],"up":[{"embeddable":true,"href":"https:\/\/www.dragec-prijevoz.hr\/de\/wp-json\/wp\/v2\/pages\/353"}],"wp:attachment":[{"href":"https:\/\/www.dragec-prijevoz.hr\/de\/wp-json\/wp\/v2\/media?parent=629"}],"curies":[{"name":"wp","href":"https:\/\/api.w.org\/{rel}","templated":true}]}}